{"id":631,"date":"2020-10-07T11:12:15","date_gmt":"2020-10-07T09:12:15","guid":{"rendered":"http:\/\/localhost\/hagaberg\/?page_id=631"},"modified":"2026-04-20T13:28:19","modified_gmt":"2026-04-20T11:28:19","slug":"att-gora-i-sodertalje","status":"publish","type":"page","link":"https:\/\/hagaberg.fhsk.se\/en\/vandrarhem\/att-gora-i-sodertalje\/","title":{"rendered":"Discover S\u00f6dert\u00e4lje"},"content":{"rendered":"<h2><a href=\"https:\/\/www.actic.se\/hitta-gym\/gym-i-sodertalje\/stockholm-sodertalje-sydpoolen\/aventyrsbadet\/\" target=\"_blank\" rel=\"noopener\" aria-label=\"Sydpoolens \u00e4ventyrsbad - \u00f6ppnas i ny flik.\">Sydpoolen<\/a><\/h2>\n\n\n\n<figure class=\"wp-block-image size-large\"><a href=\"https:\/\/www.actic.se\/hitta-gym\/gym-i-sodertalje\/stockholm-sodertalje-sydpoolen\/aventyrsbadet\/\" target=\"_blank\" rel=\"noreferrer noopener\"><img loading=\"lazy\" decoding=\"async\" width=\"546\" height=\"307\" src=\"https:\/\/hagaberg.fhsk.se\/wp-content\/uploads\/2020\/10\/Sydpoolen.jpg\" alt=\"Sydpoolens \u00e4ventyrsbad\" class=\"wp-image-1097\" srcset=\"https:\/\/hagaberg.fhsk.se\/wp-content\/uploads\/2020\/10\/Sydpoolen.jpg 546w, https:\/\/hagaberg.fhsk.se\/wp-content\/uploads\/2020\/10\/Sydpoolen-300x169.jpg 300w\" sizes=\"auto, (max-width: 546px) 100vw, 546px\" \/><\/a><\/figure>\n\n\n\n<h2><a href=\"http:\/\/www.tomtit.se\/\" target=\"_blank\" rel=\"noopener\" aria-label=\"Tom Tits experiment - \u00f6ppnas i ny flik.\">Tom Tits experiment<\/a><\/h2>\n\n\n\n<figure class=\"wp-block-image size-large\"><a href=\"http:\/\/www.tomtit.se\/\" target=\"_blank\" rel=\"noreferrer noopener\"><img loading=\"lazy\" decoding=\"async\" width=\"546\" height=\"383\" src=\"https:\/\/hagaberg.fhsk.se\/wp-content\/uploads\/2020\/10\/Tom-Tits-Experiment.jpg\" alt=\"Tom Tits rutschkanan utomhusvy\" class=\"wp-image-1099\" srcset=\"https:\/\/hagaberg.fhsk.se\/wp-content\/uploads\/2020\/10\/Tom-Tits-Experiment.jpg 546w, https:\/\/hagaberg.fhsk.se\/wp-content\/uploads\/2020\/10\/Tom-Tits-Experiment-300x210.jpg 300w\" sizes=\"auto, (max-width: 546px) 100vw, 546px\" \/><\/a><\/figure>\n\n\n\n<h2 class=\"break\"><a href=\"https:\/\/www.sodertalje.se\/kultur-och-fritid\/torekallberget\/\" target=\"_blank\" rel=\"noopener\" aria-label=\"Torek\u00e4llberget - \u00f6ppnas i ny flik.\">Torek\u00e4llberget<\/a><\/h2>\n\n\n\n<figure class=\"wp-block-image size-large\"><a href=\"https:\/\/www.sodertalje.se\/kultur-och-fritid\/torekallberget\/\" target=\"_blank\" rel=\"noreferrer noopener\"><img loading=\"lazy\" decoding=\"async\" width=\"546\" height=\"402\" src=\"https:\/\/hagaberg.fhsk.se\/wp-content\/uploads\/2020\/10\/Torekallberget.jpg\" alt=\"Kvarnen p\u00e5 Torek\u00e4llberget\" class=\"wp-image-1100\" srcset=\"https:\/\/hagaberg.fhsk.se\/wp-content\/uploads\/2020\/10\/Torekallberget.jpg 546w, https:\/\/hagaberg.fhsk.se\/wp-content\/uploads\/2020\/10\/Torekallberget-300x221.jpg 300w\" sizes=\"auto, (max-width: 546px) 100vw, 546px\" \/><\/a><\/figure>\n\n\n\n<h2><a href=\"https:\/\/www.leadingcourses.com\/sv\/region\/europa+sverige+stockholm\/s%C3%B6dert%C3%A4lje\/clubs\" target=\"_blank\" rel=\"noopener\" aria-label=\"Se golfbanor i n\u00e4rheten, listade p\u00e5 leadingcourses - \u00f6ppnas i ny flik.\">Flera golfbanor i n\u00e4rheten<\/a><\/h2>\n\n\n\n<figure class=\"wp-block-image size-large\"><a href=\"https:\/\/www.leadingcourses.com\/sv\/region\/europa+sverige+stockholm\/s%C3%B6dert%C3%A4lje\/clubs\" target=\"_blank\" rel=\"noreferrer noopener\"><img loading=\"lazy\" decoding=\"async\" width=\"546\" height=\"307\" src=\"https:\/\/hagaberg.fhsk.se\/wp-content\/uploads\/2020\/10\/Golf.jpg\" alt=\"Golfboll p\u00e5 pegg i gr\u00e4set\" class=\"wp-image-1101\" srcset=\"https:\/\/hagaberg.fhsk.se\/wp-content\/uploads\/2020\/10\/Golf.jpg 546w, https:\/\/hagaberg.fhsk.se\/wp-content\/uploads\/2020\/10\/Golf-300x169.jpg 300w\" sizes=\"auto, (max-width: 546px) 100vw, 546px\" \/><\/a><\/figure>\n\n\n\n<h2 class=\"break\"><a href=\"http:\/\/ladbilslandet.nykvarn.com\/\" target=\"_blank\" rel=\"noopener\" aria-label=\"L\u00e5dbilslandet - \u00f6ppnas i ny flik.\">L\u00e5dbilslandet<\/a><\/h2>\n\n\n\n<figure class=\"wp-block-image size-large\"><a href=\"http:\/\/ladbilslandet.nykvarn.com\/\" target=\"_blank\" rel=\"noreferrer noopener\"><img loading=\"lazy\" decoding=\"async\" width=\"546\" height=\"366\" src=\"https:\/\/hagaberg.fhsk.se\/wp-content\/uploads\/2020\/12\/Ladbilslandet.jpg\" alt=\"\u00d6versiktsvy \u00f6ver l\u00e5dbilslandets banor.\" class=\"wp-image-1596\" srcset=\"https:\/\/hagaberg.fhsk.se\/wp-content\/uploads\/2020\/12\/Ladbilslandet.jpg 546w, https:\/\/hagaberg.fhsk.se\/wp-content\/uploads\/2020\/12\/Ladbilslandet-300x201.jpg 300w\" sizes=\"auto, (max-width: 546px) 100vw, 546px\" \/><\/a><\/figure>\n\n\n\n<h2 class=\"break\"><a href=\"https:\/\/www.sodertalje.se\/kultur-och-fritid\/boka-idrottsanlaggning\/anlaggningsregister\/kusens-backe-utegym\/\" target=\"_blank\" rel=\"noopener\" aria-label=\"Utegymmet i Kusens backe - \u00f6ppnas i ny flik.\">Utegymmet i Kusens backe<\/a><\/h2>\n\n\n\n<figure class=\"wp-block-image size-large\"><a href=\"https:\/\/www.sodertalje.se\/kultur-och-fritid\/boka-idrottsanlaggning\/anlaggningsregister\/kusens-backe-utegym\/\" target=\"_blank\" rel=\"noreferrer noopener\"><img loading=\"lazy\" decoding=\"async\" width=\"546\" height=\"326\" src=\"https:\/\/hagaberg.fhsk.se\/wp-content\/uploads\/2020\/12\/Utegym-Kusens-backe.jpg\" alt=\"Utegymmet i Kusens backe. Diverse tr\u00e4ningsmaskiner i skogsmilj\u00f6.\" class=\"wp-image-1599\" srcset=\"https:\/\/hagaberg.fhsk.se\/wp-content\/uploads\/2020\/12\/Utegym-Kusens-backe.jpg 546w, https:\/\/hagaberg.fhsk.se\/wp-content\/uploads\/2020\/12\/Utegym-Kusens-backe-300x179.jpg 300w\" sizes=\"auto, (max-width: 546px) 100vw, 546px\" \/><\/a><\/figure>","protected":false},"excerpt":{"rendered":"<div class=\"entry-summary\">\nH\u00e4r hittar du tips p\u00e5 olika platser att bes\u00f6ka och aktiviteter att g\u00f6ra i S\u00f6dert\u00e4lje med omnejd.\n<\/div>\n<div class=\"link-more\"><a href=\"https:\/\/hagaberg.fhsk.se\/en\/vandrarhem\/att-gora-i-sodertalje\/\" class=\"more-link\">Continue reading<span class=\"screen-reader-text\"> &ldquo;Att g\u00f6ra i S\u00f6dert\u00e4lje&rdquo;<\/span>&hellip;<\/a><\/div>","protected":false},"author":1,"featured_media":1100,"parent":559,"menu_order":2,"comment_status":"closed","ping_status":"closed","template":"templates\/sidebar.php","meta":{"slim_seo":{"title":"Att g\u00f6ra i S\u00f6dert\u00e4lje - Hagabergs folkh\u00f6gskola","description":"H\u00e4r hittar du tips p\u00e5 olika platser att bes\u00f6ka och aktiviteter att g\u00f6ra i S\u00f6dert\u00e4lje med omnejd."},"footnotes":""},"class_list":["post-631","page","type-page","status-publish","has-post-thumbnail","hentry","entry"],"_links":{"self":[{"href":"https:\/\/hagaberg.fhsk.se\/en\/wp-json\/wp\/v2\/pages\/631","targetHints":{"allow":["GET"]}}],"collection":[{"href":"https:\/\/hagaberg.fhsk.se\/en\/wp-json\/wp\/v2\/pages"}],"about":[{"href":"https:\/\/hagaberg.fhsk.se\/en\/wp-json\/wp\/v2\/types\/page"}],"author":[{"embeddable":true,"href":"https:\/\/hagaberg.fhsk.se\/en\/wp-json\/wp\/v2\/users\/1"}],"replies":[{"embeddable":true,"href":"https:\/\/hagaberg.fhsk.se\/en\/wp-json\/wp\/v2\/comments?post=631"}],"version-history":[{"count":3,"href":"https:\/\/hagaberg.fhsk.se\/en\/wp-json\/wp\/v2\/pages\/631\/revisions"}],"predecessor-version":[{"id":6382,"href":"https:\/\/hagaberg.fhsk.se\/en\/wp-json\/wp\/v2\/pages\/631\/revisions\/6382"}],"up":[{"embeddable":true,"href":"https:\/\/hagaberg.fhsk.se\/en\/wp-json\/wp\/v2\/pages\/559"}],"wp:featuredmedia":[{"embeddable":true,"href":"https:\/\/hagaberg.fhsk.se\/en\/wp-json\/wp\/v2\/media\/1100"}],"wp:attachment":[{"href":"https:\/\/hagaberg.fhsk.se\/en\/wp-json\/wp\/v2\/media?parent=631"}],"curies":[{"name":"wp","href":"https:\/\/api.w.org\/{rel}","templated":true}]}}