{"id":630,"date":"2020-10-07T11:12:15","date_gmt":"2020-10-07T09:12:15","guid":{"rendered":"http:\/\/localhost\/hagaberg\/?page_id=630"},"modified":"2021-02-08T08:45:30","modified_gmt":"2021-02-08T07:45:30","slug":"bilder","status":"publish","type":"page","link":"https:\/\/hagaberg.fhsk.se\/en\/vandrarhem\/bilder\/","title":{"rendered":"Images"},"content":{"rendered":"<h2 class=\"wp-block-heading\">Staying at Nyvillan<\/h2>\n\n\n\n<figure class=\"wp-block-gallery columns-3 is-cropped wp-block-gallery-1 is-layout-flex wp-block-gallery-is-layout-flex\"><ul class=\"blocks-gallery-grid\"><li class=\"blocks-gallery-item\"><figure><a href=\"https:\/\/hagaberg.fhsk.se\/wp-content\/uploads\/2020\/10\/Utanfor-Nyvillan-framifran.jpg\"><img loading=\"lazy\" decoding=\"async\" width=\"1280\" height=\"853\" src=\"https:\/\/hagaberg.fhsk.se\/wp-content\/uploads\/2020\/10\/Utanfor-Nyvillan-framifran.jpg\" alt=\"Nyvillan framifr\u00e5n.\" data-id=\"1142\" data-full-url=\"https:\/\/hagaberg.fhsk.se\/wp-content\/uploads\/2020\/10\/Utanfor-Nyvillan-framifran.jpg\" data-link=\"https:\/\/hagaberg.fhsk.se\/vandrarhem\/bilder\/utanfor-nyvillan-framifran\/\" class=\"wp-image-1142\" srcset=\"https:\/\/hagaberg.fhsk.se\/wp-content\/uploads\/2020\/10\/Utanfor-Nyvillan-framifran.jpg 1280w, https:\/\/hagaberg.fhsk.se\/wp-content\/uploads\/2020\/10\/Utanfor-Nyvillan-framifran-300x200.jpg 300w, https:\/\/hagaberg.fhsk.se\/wp-content\/uploads\/2020\/10\/Utanfor-Nyvillan-framifran-1024x682.jpg 1024w, https:\/\/hagaberg.fhsk.se\/wp-content\/uploads\/2020\/10\/Utanfor-Nyvillan-framifran-768x512.jpg 768w\" sizes=\"auto, (max-width: 1280px) 100vw, 1280px\" \/><\/a><figcaption class=\"blocks-gallery-item__caption\">Nyvillan exterior<\/figcaption><\/figure><\/li><li class=\"blocks-gallery-item\"><figure><a href=\"https:\/\/hagaberg.fhsk.se\/wp-content\/uploads\/2020\/10\/Nyvillan-rum-9.jpg\"><img loading=\"lazy\" decoding=\"async\" width=\"1280\" height=\"853\" src=\"https:\/\/hagaberg.fhsk.se\/wp-content\/uploads\/2020\/10\/Nyvillan-rum-9.jpg\" alt=\"Rum p\u00e5 Nyvillan. S\u00e4ng vid f\u00f6nstret.\" data-id=\"1141\" data-full-url=\"https:\/\/hagaberg.fhsk.se\/wp-content\/uploads\/2020\/10\/Nyvillan-rum-9.jpg\" data-link=\"https:\/\/hagaberg.fhsk.se\/vandrarhem\/bilder\/nyvillan-rum-9\/\" class=\"wp-image-1141\" srcset=\"https:\/\/hagaberg.fhsk.se\/wp-content\/uploads\/2020\/10\/Nyvillan-rum-9.jpg 1280w, https:\/\/hagaberg.fhsk.se\/wp-content\/uploads\/2020\/10\/Nyvillan-rum-9-300x200.jpg 300w, https:\/\/hagaberg.fhsk.se\/wp-content\/uploads\/2020\/10\/Nyvillan-rum-9-1024x682.jpg 1024w, https:\/\/hagaberg.fhsk.se\/wp-content\/uploads\/2020\/10\/Nyvillan-rum-9-768x512.jpg 768w\" sizes=\"auto, (max-width: 1280px) 100vw, 1280px\" \/><\/a><figcaption class=\"blocks-gallery-item__caption\">Rooms<\/figcaption><\/figure><\/li><li class=\"blocks-gallery-item\"><figure><a href=\"https:\/\/hagaberg.fhsk.se\/wp-content\/uploads\/2020\/10\/Nyvillan-rum-3.jpg\"><img loading=\"lazy\" decoding=\"async\" width=\"1280\" height=\"853\" src=\"https:\/\/hagaberg.fhsk.se\/wp-content\/uploads\/2020\/10\/Nyvillan-rum-3.jpg\" alt=\"Dubbelrum p\u00e5 Nyvillan med tv\u00e5 f\u00f6nster.\" data-id=\"1140\" data-full-url=\"https:\/\/hagaberg.fhsk.se\/wp-content\/uploads\/2020\/10\/Nyvillan-rum-3.jpg\" data-link=\"https:\/\/hagaberg.fhsk.se\/vandrarhem\/bilder\/nyvillan-rum-3\/\" class=\"wp-image-1140\" srcset=\"https:\/\/hagaberg.fhsk.se\/wp-content\/uploads\/2020\/10\/Nyvillan-rum-3.jpg 1280w, https:\/\/hagaberg.fhsk.se\/wp-content\/uploads\/2020\/10\/Nyvillan-rum-3-300x200.jpg 300w, https:\/\/hagaberg.fhsk.se\/wp-content\/uploads\/2020\/10\/Nyvillan-rum-3-1024x682.jpg 1024w, https:\/\/hagaberg.fhsk.se\/wp-content\/uploads\/2020\/10\/Nyvillan-rum-3-768x512.jpg 768w\" sizes=\"auto, (max-width: 1280px) 100vw, 1280px\" \/><\/a><figcaption class=\"blocks-gallery-item__caption\">Double rooms<\/figcaption><\/figure><\/li><li class=\"blocks-gallery-item\"><figure><a href=\"https:\/\/hagaberg.fhsk.se\/wp-content\/uploads\/2020\/10\/Allrum-plan-3a.jpg\"><img loading=\"lazy\" decoding=\"async\" width=\"1280\" height=\"853\" src=\"https:\/\/hagaberg.fhsk.se\/wp-content\/uploads\/2020\/10\/Allrum-plan-3a.jpg\" alt=\"Soffavdelning med TV intill k\u00f6ket p\u00e5 Nyvillan.\" data-id=\"1138\" data-full-url=\"https:\/\/hagaberg.fhsk.se\/wp-content\/uploads\/2020\/10\/Allrum-plan-3a.jpg\" data-link=\"https:\/\/hagaberg.fhsk.se\/vandrarhem\/bilder\/allrum-plan-3a\/\" class=\"wp-image-1138\" srcset=\"https:\/\/hagaberg.fhsk.se\/wp-content\/uploads\/2020\/10\/Allrum-plan-3a.jpg 1280w, https:\/\/hagaberg.fhsk.se\/wp-content\/uploads\/2020\/10\/Allrum-plan-3a-300x200.jpg 300w, https:\/\/hagaberg.fhsk.se\/wp-content\/uploads\/2020\/10\/Allrum-plan-3a-1024x682.jpg 1024w, https:\/\/hagaberg.fhsk.se\/wp-content\/uploads\/2020\/10\/Allrum-plan-3a-768x512.jpg 768w\" sizes=\"auto, (max-width: 1280px) 100vw, 1280px\" \/><\/a><figcaption class=\"blocks-gallery-item__caption\">Lounge<\/figcaption><\/figure><\/li><li class=\"blocks-gallery-item\"><figure><a href=\"https:\/\/hagaberg.fhsk.se\/wp-content\/uploads\/2020\/10\/Allrum-plan-3b.jpg\"><img loading=\"lazy\" decoding=\"async\" width=\"1280\" height=\"853\" src=\"https:\/\/hagaberg.fhsk.se\/wp-content\/uploads\/2020\/10\/Allrum-plan-3b.jpg\" alt=\"K\u00f6k p\u00e5 Nyvillan.\" data-id=\"1139\" data-full-url=\"https:\/\/hagaberg.fhsk.se\/wp-content\/uploads\/2020\/10\/Allrum-plan-3b.jpg\" data-link=\"https:\/\/hagaberg.fhsk.se\/vandrarhem\/bilder\/allrum-plan-3b\/\" class=\"wp-image-1139\" srcset=\"https:\/\/hagaberg.fhsk.se\/wp-content\/uploads\/2020\/10\/Allrum-plan-3b.jpg 1280w, https:\/\/hagaberg.fhsk.se\/wp-content\/uploads\/2020\/10\/Allrum-plan-3b-300x200.jpg 300w, https:\/\/hagaberg.fhsk.se\/wp-content\/uploads\/2020\/10\/Allrum-plan-3b-1024x682.jpg 1024w, https:\/\/hagaberg.fhsk.se\/wp-content\/uploads\/2020\/10\/Allrum-plan-3b-768x512.jpg 768w\" sizes=\"auto, (max-width: 1280px) 100vw, 1280px\" \/><\/a><figcaption class=\"blocks-gallery-item__caption\">Kitchen<\/figcaption><\/figure><\/li><li class=\"blocks-gallery-item\"><figure><a href=\"https:\/\/hagaberg.fhsk.se\/wp-content\/uploads\/2020\/10\/Allrum-plan-2d.jpg\"><img loading=\"lazy\" decoding=\"async\" width=\"1280\" height=\"853\" src=\"https:\/\/hagaberg.fhsk.se\/wp-content\/uploads\/2020\/10\/Allrum-plan-2d.jpg\" alt=\"Balkong med r\u00e4cke i j\u00e4rn och utem\u00f6bler.\" data-id=\"1137\" data-full-url=\"https:\/\/hagaberg.fhsk.se\/wp-content\/uploads\/2020\/10\/Allrum-plan-2d.jpg\" data-link=\"https:\/\/hagaberg.fhsk.se\/vandrarhem\/bilder\/allrum-plan-2d\/\" class=\"wp-image-1137\" srcset=\"https:\/\/hagaberg.fhsk.se\/wp-content\/uploads\/2020\/10\/Allrum-plan-2d.jpg 1280w, https:\/\/hagaberg.fhsk.se\/wp-content\/uploads\/2020\/10\/Allrum-plan-2d-300x200.jpg 300w, https:\/\/hagaberg.fhsk.se\/wp-content\/uploads\/2020\/10\/Allrum-plan-2d-1024x682.jpg 1024w, https:\/\/hagaberg.fhsk.se\/wp-content\/uploads\/2020\/10\/Allrum-plan-2d-768x512.jpg 768w\" sizes=\"auto, (max-width: 1280px) 100vw, 1280px\" \/><\/a><figcaption class=\"blocks-gallery-item__caption\">Balcony<\/figcaption><\/figure><\/li><\/ul><figcaption class=\"blocks-gallery-caption\">Nyvillan<\/figcaption><\/figure>\n\n\n\n<h2 class=\"wp-block-heading\">The houses Tron, Hoppet and K\u00e4rleken<\/h2>\n\n\n\n<figure class=\"wp-block-gallery columns-3 is-cropped wp-block-gallery-2 is-layout-flex wp-block-gallery-is-layout-flex\"><ul class=\"blocks-gallery-grid\"><li class=\"blocks-gallery-item\"><figure><a href=\"https:\/\/hagaberg.fhsk.se\/wp-content\/uploads\/2020\/10\/Karleken-1.jpg\"><img loading=\"lazy\" decoding=\"async\" width=\"1024\" height=\"682\" src=\"https:\/\/hagaberg.fhsk.se\/wp-content\/uploads\/2020\/10\/Karleken-1-1024x682.jpg\" alt=\"Internatbyggnad i funkisstil.\" data-id=\"1159\" data-full-url=\"https:\/\/hagaberg.fhsk.se\/wp-content\/uploads\/2020\/10\/Karleken-1.jpg\" data-link=\"https:\/\/hagaberg.fhsk.se\/vandrarhem\/bilder\/karleken-1\/\" class=\"wp-image-1159\" srcset=\"https:\/\/hagaberg.fhsk.se\/wp-content\/uploads\/2020\/10\/Karleken-1-1024x682.jpg 1024w, https:\/\/hagaberg.fhsk.se\/wp-content\/uploads\/2020\/10\/Karleken-1-300x200.jpg 300w, https:\/\/hagaberg.fhsk.se\/wp-content\/uploads\/2020\/10\/Karleken-1-768x512.jpg 768w, https:\/\/hagaberg.fhsk.se\/wp-content\/uploads\/2020\/10\/Karleken-1.jpg 1280w\" sizes=\"auto, (max-width: 1024px) 100vw, 1024px\" \/><\/a><figcaption class=\"blocks-gallery-item__caption\">Students' accomodation<\/figcaption><\/figure><\/li><li class=\"blocks-gallery-item\"><figure><a href=\"https:\/\/hagaberg.fhsk.se\/wp-content\/uploads\/2020\/10\/Karleken-rum-inifran-1.jpg\"><img loading=\"lazy\" decoding=\"async\" width=\"1024\" height=\"682\" src=\"https:\/\/hagaberg.fhsk.se\/wp-content\/uploads\/2020\/10\/Karleken-rum-inifran-1-1024x682.jpg\" alt=\"Rum p\u00e5 internatboende.\" data-id=\"1158\" data-full-url=\"https:\/\/hagaberg.fhsk.se\/wp-content\/uploads\/2020\/10\/Karleken-rum-inifran-1.jpg\" data-link=\"https:\/\/hagaberg.fhsk.se\/vandrarhem\/bilder\/karleken-rum-inifran-1\/\" class=\"wp-image-1158\" srcset=\"https:\/\/hagaberg.fhsk.se\/wp-content\/uploads\/2020\/10\/Karleken-rum-inifran-1-1024x682.jpg 1024w, https:\/\/hagaberg.fhsk.se\/wp-content\/uploads\/2020\/10\/Karleken-rum-inifran-1-300x200.jpg 300w, https:\/\/hagaberg.fhsk.se\/wp-content\/uploads\/2020\/10\/Karleken-rum-inifran-1-768x512.jpg 768w, https:\/\/hagaberg.fhsk.se\/wp-content\/uploads\/2020\/10\/Karleken-rum-inifran-1.jpg 1280w\" sizes=\"auto, (max-width: 1024px) 100vw, 1024px\" \/><\/a><figcaption class=\"blocks-gallery-item__caption\">Students' accommodation room<\/figcaption><\/figure><\/li><li class=\"blocks-gallery-item\"><figure><a href=\"https:\/\/hagaberg.fhsk.se\/wp-content\/uploads\/2020\/10\/Rum-invandigt-1.jpg\"><img loading=\"lazy\" decoding=\"async\" width=\"1024\" height=\"682\" src=\"https:\/\/hagaberg.fhsk.se\/wp-content\/uploads\/2020\/10\/Rum-invandigt-1-1024x682.jpg\" alt=\"Rum p\u00e5 internatboende.\" data-id=\"1160\" data-full-url=\"https:\/\/hagaberg.fhsk.se\/wp-content\/uploads\/2020\/10\/Rum-invandigt-1.jpg\" data-link=\"https:\/\/hagaberg.fhsk.se\/vandrarhem\/bilder\/rum-invandigt-1\/\" class=\"wp-image-1160\" srcset=\"https:\/\/hagaberg.fhsk.se\/wp-content\/uploads\/2020\/10\/Rum-invandigt-1-1024x682.jpg 1024w, https:\/\/hagaberg.fhsk.se\/wp-content\/uploads\/2020\/10\/Rum-invandigt-1-300x200.jpg 300w, https:\/\/hagaberg.fhsk.se\/wp-content\/uploads\/2020\/10\/Rum-invandigt-1-768x512.jpg 768w, https:\/\/hagaberg.fhsk.se\/wp-content\/uploads\/2020\/10\/Rum-invandigt-1.jpg 1280w\" sizes=\"auto, (max-width: 1024px) 100vw, 1024px\" \/><\/a><figcaption class=\"blocks-gallery-item__caption\">Students' accommodation room<\/figcaption><\/figure><\/li><li class=\"blocks-gallery-item\"><figure><a href=\"https:\/\/hagaberg.fhsk.se\/wp-content\/uploads\/2020\/10\/Karleken-dagrum-1.jpg\"><img loading=\"lazy\" decoding=\"async\" width=\"1024\" height=\"682\" src=\"https:\/\/hagaberg.fhsk.se\/wp-content\/uploads\/2020\/10\/Karleken-dagrum-1-1024x682.jpg\" alt=\"Allrum p\u00e5 internatboende.\" data-id=\"1156\" data-full-url=\"https:\/\/hagaberg.fhsk.se\/wp-content\/uploads\/2020\/10\/Karleken-dagrum-1.jpg\" data-link=\"https:\/\/hagaberg.fhsk.se\/vandrarhem\/bilder\/karleken-dagrum-1\/\" class=\"wp-image-1156\" srcset=\"https:\/\/hagaberg.fhsk.se\/wp-content\/uploads\/2020\/10\/Karleken-dagrum-1-1024x682.jpg 1024w, https:\/\/hagaberg.fhsk.se\/wp-content\/uploads\/2020\/10\/Karleken-dagrum-1-300x200.jpg 300w, https:\/\/hagaberg.fhsk.se\/wp-content\/uploads\/2020\/10\/Karleken-dagrum-1-768x512.jpg 768w, https:\/\/hagaberg.fhsk.se\/wp-content\/uploads\/2020\/10\/Karleken-dagrum-1.jpg 1280w\" sizes=\"auto, (max-width: 1024px) 100vw, 1024px\" \/><\/a><figcaption class=\"blocks-gallery-item__caption\">shared area at K\u00e4rleken<\/figcaption><\/figure><\/li><li class=\"blocks-gallery-item\"><figure><a href=\"https:\/\/hagaberg.fhsk.se\/wp-content\/uploads\/2020\/10\/Karleken-koket-1.jpg\"><img loading=\"lazy\" decoding=\"async\" width=\"1024\" height=\"765\" src=\"https:\/\/hagaberg.fhsk.se\/wp-content\/uploads\/2020\/10\/Karleken-koket-1-1024x765.jpg\" alt=\"K\u00f6k p\u00e5 internatboende.\" data-id=\"1157\" data-full-url=\"https:\/\/hagaberg.fhsk.se\/wp-content\/uploads\/2020\/10\/Karleken-koket-1.jpg\" data-link=\"https:\/\/hagaberg.fhsk.se\/vandrarhem\/bilder\/karleken-koket-1\/\" class=\"wp-image-1157\" srcset=\"https:\/\/hagaberg.fhsk.se\/wp-content\/uploads\/2020\/10\/Karleken-koket-1-1024x765.jpg 1024w, https:\/\/hagaberg.fhsk.se\/wp-content\/uploads\/2020\/10\/Karleken-koket-1-300x224.jpg 300w, https:\/\/hagaberg.fhsk.se\/wp-content\/uploads\/2020\/10\/Karleken-koket-1-768x574.jpg 768w, https:\/\/hagaberg.fhsk.se\/wp-content\/uploads\/2020\/10\/Karleken-koket-1.jpg 1142w\" sizes=\"auto, (max-width: 1024px) 100vw, 1024px\" \/><\/a><figcaption class=\"blocks-gallery-item__caption\">The kitchen at K\u00e4rleken<\/figcaption><\/figure><\/li><\/ul><figcaption class=\"blocks-gallery-caption\">Tron, hoppet och k\u00e4rleken<\/figcaption><\/figure>\n\n\n\n<h2 class=\"wp-block-heading\">Park grounds<\/h2>\n\n\n\n<figure class=\"wp-block-gallery columns-3 is-cropped wp-block-gallery-3 is-layout-flex wp-block-gallery-is-layout-flex\"><ul class=\"blocks-gallery-grid\"><li class=\"blocks-gallery-item\"><figure><img loading=\"lazy\" decoding=\"async\" width=\"1024\" height=\"682\" src=\"https:\/\/hagaberg.fhsk.se\/wp-content\/uploads\/2020\/10\/Blomma-utanfor-entren-1-1024x682.jpg\" alt=\"Rosa blommor i kruka utanf\u00f6r Nyvillans entr\u00e9.\" data-id=\"1167\" data-full-url=\"https:\/\/hagaberg.fhsk.se\/wp-content\/uploads\/2020\/10\/Blomma-utanfor-entren-1.jpg\" data-link=\"https:\/\/hagaberg.fhsk.se\/vandrarhem\/bilder\/blomma-utanfor-entren-1\/\" class=\"wp-image-1167\" srcset=\"https:\/\/hagaberg.fhsk.se\/wp-content\/uploads\/2020\/10\/Blomma-utanfor-entren-1-1024x682.jpg 1024w, https:\/\/hagaberg.fhsk.se\/wp-content\/uploads\/2020\/10\/Blomma-utanfor-entren-1-300x200.jpg 300w, https:\/\/hagaberg.fhsk.se\/wp-content\/uploads\/2020\/10\/Blomma-utanfor-entren-1-768x512.jpg 768w, https:\/\/hagaberg.fhsk.se\/wp-content\/uploads\/2020\/10\/Blomma-utanfor-entren-1.jpg 1280w\" sizes=\"auto, (max-width: 1024px) 100vw, 1024px\" \/><figcaption class=\"blocks-gallery-item__caption\">Flower arrangement outside Nyvillan<\/figcaption><\/figure><\/li><li class=\"blocks-gallery-item\"><figure><img loading=\"lazy\" decoding=\"async\" width=\"1024\" height=\"682\" src=\"https:\/\/hagaberg.fhsk.se\/wp-content\/uploads\/2020\/10\/Bron-1-1024x682.jpg\" alt=\"Bron \u00f6ver till Sinnenas tr\u00e4dg\u00e5rd.\" data-id=\"1168\" data-full-url=\"https:\/\/hagaberg.fhsk.se\/wp-content\/uploads\/2020\/10\/Bron-1.jpg\" data-link=\"https:\/\/hagaberg.fhsk.se\/vandrarhem\/bilder\/bron-1\/\" class=\"wp-image-1168\" srcset=\"https:\/\/hagaberg.fhsk.se\/wp-content\/uploads\/2020\/10\/Bron-1-1024x682.jpg 1024w, https:\/\/hagaberg.fhsk.se\/wp-content\/uploads\/2020\/10\/Bron-1-300x200.jpg 300w, https:\/\/hagaberg.fhsk.se\/wp-content\/uploads\/2020\/10\/Bron-1-768x512.jpg 768w, https:\/\/hagaberg.fhsk.se\/wp-content\/uploads\/2020\/10\/Bron-1.jpg 1280w\" sizes=\"auto, (max-width: 1024px) 100vw, 1024px\" \/><figcaption class=\"blocks-gallery-item__caption\">The bridge to \"Sinnenas tr\u00e4dg\u00e5rd\"<\/figcaption><\/figure><\/li><li class=\"blocks-gallery-item\"><figure><img loading=\"lazy\" decoding=\"async\" width=\"1024\" height=\"683\" src=\"https:\/\/hagaberg.fhsk.se\/wp-content\/uploads\/2020\/10\/Hagaberg-1-1024x683.jpg\" alt=\"Parken utanf\u00f6r Hagabergs skolbyggnad.\" data-id=\"1169\" data-full-url=\"https:\/\/hagaberg.fhsk.se\/wp-content\/uploads\/2020\/10\/Hagaberg-1.jpg\" data-link=\"https:\/\/hagaberg.fhsk.se\/vandrarhem\/bilder\/hagaberg-1\/\" class=\"wp-image-1169\" srcset=\"https:\/\/hagaberg.fhsk.se\/wp-content\/uploads\/2020\/10\/Hagaberg-1-1024x683.jpg 1024w, https:\/\/hagaberg.fhsk.se\/wp-content\/uploads\/2020\/10\/Hagaberg-1-300x200.jpg 300w, https:\/\/hagaberg.fhsk.se\/wp-content\/uploads\/2020\/10\/Hagaberg-1-768x512.jpg 768w, https:\/\/hagaberg.fhsk.se\/wp-content\/uploads\/2020\/10\/Hagaberg-1.jpg 1280w\" sizes=\"auto, (max-width: 1024px) 100vw, 1024px\" \/><figcaption class=\"blocks-gallery-item__caption\">View over the park<\/figcaption><\/figure><\/li><li class=\"blocks-gallery-item\"><figure><img loading=\"lazy\" decoding=\"async\" width=\"1024\" height=\"682\" src=\"https:\/\/hagaberg.fhsk.se\/wp-content\/uploads\/2020\/10\/Kapellet-1-1024x682.jpg\" alt=\"Kapellet utifr\u00e5n p\u00e5 Hagaberg.\" data-id=\"1170\" data-full-url=\"https:\/\/hagaberg.fhsk.se\/wp-content\/uploads\/2020\/10\/Kapellet-1.jpg\" data-link=\"https:\/\/hagaberg.fhsk.se\/vandrarhem\/bilder\/kapellet-1\/\" class=\"wp-image-1170\" srcset=\"https:\/\/hagaberg.fhsk.se\/wp-content\/uploads\/2020\/10\/Kapellet-1-1024x682.jpg 1024w, https:\/\/hagaberg.fhsk.se\/wp-content\/uploads\/2020\/10\/Kapellet-1-300x200.jpg 300w, https:\/\/hagaberg.fhsk.se\/wp-content\/uploads\/2020\/10\/Kapellet-1-768x512.jpg 768w, https:\/\/hagaberg.fhsk.se\/wp-content\/uploads\/2020\/10\/Kapellet-1.jpg 1280w\" sizes=\"auto, (max-width: 1024px) 100vw, 1024px\" \/><figcaption class=\"blocks-gallery-item__caption\">The chapel<\/figcaption><\/figure><\/li><li class=\"blocks-gallery-item\"><figure><img loading=\"lazy\" decoding=\"async\" width=\"1024\" height=\"768\" src=\"https:\/\/hagaberg.fhsk.se\/wp-content\/uploads\/2020\/10\/Restaurangen-uteplats-1-1024x768.jpg\" alt=\"K\u00f6rsb\u00e4rstr\u00e4d i blom och utem\u00f6bler i tr\u00e4 utanf\u00f6r matsalsbyggnaden.\" data-id=\"1171\" data-full-url=\"https:\/\/hagaberg.fhsk.se\/wp-content\/uploads\/2020\/10\/Restaurangen-uteplats-1.jpg\" data-link=\"https:\/\/hagaberg.fhsk.se\/vandrarhem\/bilder\/restaurangen-uteplats-1\/\" class=\"wp-image-1171\" srcset=\"https:\/\/hagaberg.fhsk.se\/wp-content\/uploads\/2020\/10\/Restaurangen-uteplats-1-1024x768.jpg 1024w, https:\/\/hagaberg.fhsk.se\/wp-content\/uploads\/2020\/10\/Restaurangen-uteplats-1-300x225.jpg 300w, https:\/\/hagaberg.fhsk.se\/wp-content\/uploads\/2020\/10\/Restaurangen-uteplats-1-768x576.jpg 768w, https:\/\/hagaberg.fhsk.se\/wp-content\/uploads\/2020\/10\/Restaurangen-uteplats-1.jpg 1137w\" sizes=\"auto, (max-width: 1024px) 100vw, 1024px\" \/><figcaption class=\"blocks-gallery-item__caption\">Outside the restaurant<\/figcaption><\/figure><\/li><\/ul><figcaption class=\"blocks-gallery-caption\">Outside<\/figcaption><\/figure>","protected":false},"excerpt":{"rendered":"<div class=\"entry-summary\">\nVi erbjuder boende i flera olika hus. Ta del av bilder p\u00e5 b\u00e5de exteri\u00f6r och interi\u00f6r fr\u00e5n v\u00e5ra olika boendealternativ!\n<\/div>\n<div class=\"link-more\"><a href=\"https:\/\/hagaberg.fhsk.se\/en\/vandrarhem\/bilder\/\" class=\"more-link\">Continue reading<span class=\"screen-reader-text\"> &ldquo;Bilder&rdquo;<\/span>&hellip;<\/a><\/div>","protected":false},"author":1,"featured_media":0,"parent":559,"menu_order":1,"comment_status":"closed","ping_status":"closed","template":"templates\/sidebar.php","meta":{"slim_seo":{"title":"Bilder - Hagabergs folkh\u00f6gskola","description":"Vi erbjuder boende i flera olika hus. Ta del av bilder p\u00e5 b\u00e5de exteri\u00f6r och interi\u00f6r fr\u00e5n v\u00e5ra olika boendealternativ!"},"footnotes":""},"class_list":["post-630","page","type-page","status-publish","hentry","entry"],"_links":{"self":[{"href":"https:\/\/hagaberg.fhsk.se\/en\/wp-json\/wp\/v2\/pages\/630","targetHints":{"allow":["GET"]}}],"collection":[{"href":"https:\/\/hagaberg.fhsk.se\/en\/wp-json\/wp\/v2\/pages"}],"about":[{"href":"https:\/\/hagaberg.fhsk.se\/en\/wp-json\/wp\/v2\/types\/page"}],"author":[{"embeddable":true,"href":"https:\/\/hagaberg.fhsk.se\/en\/wp-json\/wp\/v2\/users\/1"}],"replies":[{"embeddable":true,"href":"https:\/\/hagaberg.fhsk.se\/en\/wp-json\/wp\/v2\/comments?post=630"}],"version-history":[{"count":0,"href":"https:\/\/hagaberg.fhsk.se\/en\/wp-json\/wp\/v2\/pages\/630\/revisions"}],"up":[{"embeddable":true,"href":"https:\/\/hagaberg.fhsk.se\/en\/wp-json\/wp\/v2\/pages\/559"}],"wp:attachment":[{"href":"https:\/\/hagaberg.fhsk.se\/en\/wp-json\/wp\/v2\/media?parent=630"}],"curies":[{"name":"wp","href":"https:\/\/api.w.org\/{rel}","templated":true}]}}