{"id":629,"date":"2020-10-07T11:12:15","date_gmt":"2020-10-07T09:12:15","guid":{"rendered":"http:\/\/localhost\/hagaberg\/?page_id=629"},"modified":"2025-09-10T15:19:26","modified_gmt":"2025-09-10T13:19:26","slug":"boka-rum","status":"publish","type":"page","link":"https:\/\/hagaberg.fhsk.se\/en\/vandrarhem\/boka-rum\/","title":{"rendered":"Booking inquiry"},"content":{"rendered":"<noscript class=\"ninja-forms-noscript-message\">\n\tNotice: JavaScript is required for this content.<\/noscript>\n<div id=\"nf-form-3-cont\" class=\"nf-form-cont\" aria-live=\"polite\" aria-labelledby=\"nf-form-title-3\" aria-describedby=\"nf-form-errors-3\" role=\"form\">\n\n    <div class=\"nf-loading-spinner\"><\/div>\n\n<\/div>\n        <!-- That data is being printed as a workaround to page builders reordering the order of the scripts loaded-->\n        <script>var formDisplay=1;var nfForms=nfForms||[];var form=[];form.id='3';form.settings={\"objectType\":\"Form Setting\",\"editActive\":true,\"title\":\"Skicka en bokningsf\\u00f6rfr\\u00e5gan...\",\"show_title\":1,\"allow_public_link\":0,\"public_link\":\"https:\\\/\\\/hagaberg.fhsk.se\\\/ninja-forms\\\/3cjjt\",\"embed_form\":\"\",\"clear_complete\":1,\"hide_complete\":0,\"default_label_pos\":\"above\",\"wrapper_class\":\"\",\"element_class\":\"\",\"form_title_heading_level\":\"2\",\"key\":\"\",\"add_submit\":0,\"changeEmailErrorMsg\":\"Please enter a valid email address!\",\"changeDateErrorMsg\":\"Please enter a valid date!\",\"confirmFieldErrorMsg\":\"These fields must match!\",\"fieldNumberNumMinError\":\"Number Min Error\",\"fieldNumberNumMaxError\":\"Number Max Error\",\"fieldNumberIncrementBy\":\"Please increment by \",\"formErrorsCorrectErrors\":\"Please correct errors before submitting this form.\",\"validateRequiredField\":\"This is a required field.\",\"honeypotHoneypotError\":\"Honeypot Error\",\"fieldsMarkedRequired\":\"Fields marked with an <span class=\\\"ninja-forms-req-symbol\\\">*<\\\/span> are required\",\"currency\":\"\",\"unique_field_error\":\"Ett formul\\u00e4r med det h\\u00e4r v\\u00e4rdet har redan skickats.\",\"logged_in\":false,\"not_logged_in_msg\":\"\",\"sub_limit_msg\":\"Formul\\u00e4ret har n\\u00e5tt sin inl\\u00e4mningsgr\\u00e4ns.\",\"calculations\":[],\"formContentData\":[\"bokning_avser_1757504547130\",\"ankomstdatum_1756812197398\",\"avresedatum_1756812203557\",\"antal_vuxna_1757504345735\",\"antal_rum_1757504319611\",\"antal_barn_0-12_ar_1757505495434\",\"namn_1756812348470\",\"phone_1756811953257\",\"email_1756811957696\",\"gatuadress_1757503952728\",\"zip_1757503818010\",\"city_1757503815164\",\"bokningskod_1756812399427\",\"oevrig_information_t_ex_alder_pa_barn_1757505613057\",\"skicka_bokningsfoerfragan_1756812429966\"],\"public_link_key\":\"3cjjt\",\"objectDomain\":\"display\",\"drawerDisabled\":false,\"ninjaForms\":\"Ninja Forms\",\"fieldTextareaRTEInsertLink\":\"Insert Link\",\"fieldTextareaRTEInsertMedia\":\"Insert Media\",\"fieldTextareaRTESelectAFile\":\"Select a file\",\"formHoneypot\":\"If you are a human seeing this field, please leave it empty.\",\"fileUploadOldCodeFileUploadInProgress\":\"File Upload in Progress.\",\"fileUploadOldCodeFileUpload\":\"FILE UPLOAD\",\"currencySymbol\":\"&#107;&#114;\",\"thousands_sep\":\",\",\"decimal_point\":\".\",\"siteLocale\":\"en_GB\",\"dateFormat\":\"Y\\\/m\\\/d\",\"startOfWeek\":\"1\",\"of\":\"of\",\"previousMonth\":\"Previous Month\",\"nextMonth\":\"Next Month\",\"months\":[\"January\",\"February\",\"March\",\"April\",\"May\",\"June\",\"July\",\"August\",\"September\",\"October\",\"November\",\"December\"],\"monthsShort\":[\"Jan\",\"Feb\",\"Mar\",\"Apr\",\"May\",\"Jun\",\"Jul\",\"Aug\",\"Sep\",\"Oct\",\"Nov\",\"Dec\"],\"weekdays\":[\"Sunday\",\"Monday\",\"Tuesday\",\"Wednesday\",\"Thursday\",\"Friday\",\"Saturday\"],\"weekdaysShort\":[\"Sun\",\"Mon\",\"Tue\",\"Wed\",\"Thu\",\"Fri\",\"Sat\"],\"weekdaysMin\":[\"Su\",\"Mo\",\"Tu\",\"We\",\"Th\",\"Fr\",\"Sa\"],\"recaptchaConsentMissing\":\"reCaptcha validation couldn&#039;t load.\",\"recaptchaMissingCookie\":\"reCaptcha v3 validation couldn&#039;t load the cookie needed to submit the form.\",\"recaptchaConsentEvent\":\"Accept reCaptcha cookies before sending the form.\",\"currency_symbol\":\"\",\"beforeForm\":\"\",\"beforeFields\":\"\",\"afterFields\":\"\",\"afterForm\":\"\"};form.fields=[{\"objectType\":\"Field\",\"objectDomain\":\"fields\",\"editActive\":false,\"order\":1,\"idAttribute\":\"id\",\"label\":\"Bokning avser\",\"type\":\"listradio\",\"key\":\"bokning_avser_1757504547130\",\"label_pos\":\"above\",\"required\":1,\"options\":[{\"errors\":[],\"max_options\":0,\"label\":\"Privatg\\u00e4st\",\"value\":\"privatgaest\",\"calc\":\"\",\"selected\":0,\"order\":0,\"settingModel\":{\"settings\":false,\"hide_merge_tags\":false,\"error\":false,\"name\":\"options\",\"type\":\"option-repeater\",\"label\":\"Alternativ <a href=\\\"#\\\" class=\\\"nf-add-new\\\">L\\u00e4gg till nytt<\\\/a> <a href=\\\"#\\\" class=\\\"extra nf-open-import-tooltip\\\"><i class=\\\"fa fa-sign-in\\\" aria-hidden=\\\"true\\\"><\\\/i> Importera<\\\/a>\",\"width\":\"full\",\"group\":\"\",\"value\":[{\"label\":\"Ett\",\"value\":\"ett\",\"calc\":\"\",\"selected\":0,\"order\":0},{\"label\":\"Tv\\u00e5\",\"value\":\"tv\\u00e5\",\"calc\":\"\",\"selected\":0,\"order\":1},{\"label\":\"Tre\",\"value\":\"tre\",\"calc\":\"\",\"selected\":0,\"order\":2}],\"columns\":{\"label\":{\"header\":\"Etikett\",\"default\":\"\"},\"value\":{\"header\":\"V\\u00e4rde\",\"default\":\"\"},\"calc\":{\"header\":\"Ber\\u00e4kna v\\u00e4rde\",\"default\":\"\"},\"selected\":{\"header\":\"<span class=\\\"dashicons dashicons-yes\\\"><\\\/span>\",\"default\":0}}}},{\"errors\":[],\"max_options\":0,\"label\":\"F\\u00f6retagsg\\u00e4st\",\"value\":\"foeretagsgaest\",\"calc\":\"\",\"selected\":0,\"order\":1,\"settingModel\":{\"settings\":false,\"hide_merge_tags\":false,\"error\":false,\"name\":\"options\",\"type\":\"option-repeater\",\"label\":\"Alternativ <a href=\\\"#\\\" class=\\\"nf-add-new\\\">L\\u00e4gg till nytt<\\\/a> <a href=\\\"#\\\" class=\\\"extra nf-open-import-tooltip\\\"><i class=\\\"fa fa-sign-in\\\" aria-hidden=\\\"true\\\"><\\\/i> Importera<\\\/a>\",\"width\":\"full\",\"group\":\"\",\"value\":[{\"label\":\"Ett\",\"value\":\"ett\",\"calc\":\"\",\"selected\":0,\"order\":0},{\"label\":\"Tv\\u00e5\",\"value\":\"tv\\u00e5\",\"calc\":\"\",\"selected\":0,\"order\":1},{\"label\":\"Tre\",\"value\":\"tre\",\"calc\":\"\",\"selected\":0,\"order\":2}],\"columns\":{\"label\":{\"header\":\"Etikett\",\"default\":\"\"},\"value\":{\"header\":\"V\\u00e4rde\",\"default\":\"\"},\"calc\":{\"header\":\"Ber\\u00e4kna v\\u00e4rde\",\"default\":\"\"},\"selected\":{\"header\":\"<span class=\\\"dashicons dashicons-yes\\\"><\\\/span>\",\"default\":0}}}}],\"container_class\":\"two-col-list\",\"element_class\":\"\",\"admin_label\":\"\",\"help_text\":\"\",\"drawerDisabled\":false,\"id\":74,\"beforeField\":\"\",\"afterField\":\"\",\"value\":\"\",\"parentType\":\"list\",\"element_templates\":[\"listradio\",\"input\"],\"old_classname\":\"list-radio\",\"wrap_template\":\"wrap\"},{\"objectType\":\"Field\",\"objectDomain\":\"fields\",\"editActive\":false,\"order\":2,\"idAttribute\":\"id\",\"label\":\"Ankomstdatum\",\"type\":\"date\",\"key\":\"ankomstdatum_1756812197398\",\"label_pos\":\"above\",\"required\":1,\"placeholder\":\"\",\"container_class\":\"one-half first\",\"element_class\":\"\",\"manual_key\":false,\"admin_label\":\"\",\"help_text\":\"\",\"date_mode\":\"date_only\",\"date_format\":\"default\",\"year_range_start\":\"\",\"year_range_end\":\"\",\"hours_24\":0,\"minute_increment\":5,\"drawerDisabled\":false,\"id\":27,\"beforeField\":\"\",\"afterField\":\"\",\"value\":\"\",\"parentType\":\"date\",\"element_templates\":[\"date\",\"textbox\",\"input\"],\"old_classname\":\"\",\"wrap_template\":\"wrap\"},{\"objectType\":\"Field\",\"objectDomain\":\"fields\",\"editActive\":false,\"order\":3,\"idAttribute\":\"id\",\"label\":\"Avresedatum\",\"type\":\"date\",\"key\":\"avresedatum_1756812203557\",\"label_pos\":\"above\",\"required\":1,\"placeholder\":\"\",\"container_class\":\"one-half\",\"element_class\":\"\",\"manual_key\":false,\"admin_label\":\"\",\"help_text\":\"\",\"date_mode\":\"date_only\",\"date_format\":\"default\",\"year_range_start\":\"\",\"year_range_end\":\"\",\"hours_24\":0,\"minute_increment\":5,\"drawerDisabled\":false,\"id\":28,\"beforeField\":\"\",\"afterField\":\"\",\"value\":\"\",\"parentType\":\"date\",\"element_templates\":[\"date\",\"textbox\",\"input\"],\"old_classname\":\"\",\"wrap_template\":\"wrap\"},{\"objectType\":\"Field\",\"objectDomain\":\"fields\",\"editActive\":false,\"order\":6,\"idAttribute\":\"id\",\"label\":\"Antal vuxna\",\"type\":\"number\",\"key\":\"antal_vuxna_1757504345735\",\"label_pos\":\"above\",\"required\":1,\"default\":\"\",\"placeholder\":\"\",\"container_class\":\"one-third first\",\"element_class\":\"\",\"manual_key\":false,\"admin_label\":\"\",\"help_text\":\"\",\"num_min\":\"\",\"num_max\":\"\",\"num_step\":1,\"value\":\"\",\"drawerDisabled\":false,\"id\":72,\"beforeField\":\"\",\"afterField\":\"\",\"parentType\":\"number\",\"element_templates\":[\"number\",\"input\"],\"old_classname\":\"\",\"wrap_template\":\"wrap\"},{\"objectType\":\"Field\",\"objectDomain\":\"fields\",\"editActive\":false,\"order\":7,\"idAttribute\":\"id\",\"label\":\"Antal rum\",\"type\":\"number\",\"key\":\"antal_rum_1757504319611\",\"label_pos\":\"above\",\"required\":1,\"default\":\"\",\"placeholder\":\"\",\"container_class\":\"one-third\",\"element_class\":\"\",\"manual_key\":false,\"admin_label\":\"\",\"help_text\":\"\",\"num_min\":\"\",\"num_max\":\"\",\"num_step\":1,\"value\":\"\",\"drawerDisabled\":false,\"id\":73,\"beforeField\":\"\",\"afterField\":\"\",\"parentType\":\"number\",\"element_templates\":[\"number\",\"input\"],\"old_classname\":\"\",\"wrap_template\":\"wrap\"},{\"objectType\":\"Field\",\"objectDomain\":\"fields\",\"editActive\":false,\"order\":8,\"idAttribute\":\"id\",\"label\":\"Antal barn (0-12 \\u00e5r)\",\"type\":\"number\",\"key\":\"antal_barn_0-12_ar_1757505495434\",\"label_pos\":\"above\",\"required\":0,\"default\":0,\"placeholder\":\"\",\"container_class\":\"one-third\",\"element_class\":\"\",\"manual_key\":false,\"admin_label\":\"\",\"help_text\":\"\",\"num_min\":0,\"num_max\":6,\"num_step\":1,\"value\":\"\",\"drawerDisabled\":false,\"id\":31,\"beforeField\":\"\",\"afterField\":\"\",\"parentType\":\"number\",\"element_templates\":[\"number\",\"input\"],\"old_classname\":\"\",\"wrap_template\":\"wrap\"},{\"objectType\":\"Field\",\"objectDomain\":\"fields\",\"editActive\":false,\"order\":9,\"idAttribute\":\"id\",\"label\":\"Namn\",\"type\":\"textbox\",\"key\":\"namn_1756812348470\",\"label_pos\":\"above\",\"required\":1,\"default\":\"\",\"placeholder\":\"\",\"container_class\":\"one-third first\",\"element_class\":\"\",\"input_limit\":\"\",\"input_limit_type\":\"characters\",\"input_limit_msg\":\"Tecken kvar\",\"manual_key\":false,\"admin_label\":\"\",\"help_text\":\"\",\"mask\":\"\",\"custom_mask\":\"\",\"custom_name_attribute\":\"\",\"personally_identifiable\":\"\",\"value\":\"\",\"drawerDisabled\":false,\"id\":32,\"beforeField\":\"\",\"afterField\":\"\",\"parentType\":\"textbox\",\"element_templates\":[\"textbox\",\"input\"],\"old_classname\":\"\",\"wrap_template\":\"wrap\"},{\"objectType\":\"Field\",\"objectDomain\":\"fields\",\"editActive\":false,\"order\":10,\"idAttribute\":\"id\",\"label\":\"Telefon\",\"type\":\"phone\",\"key\":\"phone_1756811953257\",\"label_pos\":\"above\",\"required\":1,\"default\":\"\",\"placeholder\":\"\",\"container_class\":\"one-third\",\"element_class\":\"\",\"input_limit\":\"\",\"input_limit_type\":\"characters\",\"input_limit_msg\":\"Tecken kvar\",\"manual_key\":false,\"admin_label\":\"\",\"help_text\":\"\",\"mask\":\"\",\"custom_mask\":\"\",\"custom_name_attribute\":\"phone\",\"personally_identifiable\":1,\"value\":\"\",\"drawerDisabled\":false,\"id\":33,\"beforeField\":\"\",\"afterField\":\"\",\"parentType\":\"textbox\",\"element_templates\":[\"tel\",\"textbox\",\"input\"],\"old_classname\":\"\",\"wrap_template\":\"wrap\"},{\"objectType\":\"Field\",\"objectDomain\":\"fields\",\"editActive\":false,\"order\":11,\"idAttribute\":\"id\",\"label\":\"E-post\",\"type\":\"email\",\"key\":\"email_1756811957696\",\"label_pos\":\"above\",\"required\":1,\"default\":\"\",\"placeholder\":\"\",\"container_class\":\"one-third\",\"element_class\":\"\",\"admin_label\":\"\",\"help_text\":\"\",\"custom_name_attribute\":\"email\",\"personally_identifiable\":1,\"value\":\"\",\"drawerDisabled\":false,\"id\":34,\"beforeField\":\"\",\"afterField\":\"\",\"parentType\":\"email\",\"element_templates\":[\"email\",\"input\"],\"old_classname\":\"\",\"wrap_template\":\"wrap\"},{\"objectType\":\"Field\",\"objectDomain\":\"fields\",\"editActive\":false,\"order\":12,\"idAttribute\":\"id\",\"label\":\"Gatuadress\",\"type\":\"address\",\"key\":\"gatuadress_1757503952728\",\"label_pos\":\"above\",\"required\":false,\"default\":\"\",\"placeholder\":\"\",\"container_class\":\"\",\"element_class\":\"\",\"input_limit\":\"\",\"input_limit_type\":\"characters\",\"input_limit_msg\":\"Tecken kvar\",\"manual_key\":false,\"admin_label\":\"\",\"help_text\":\"\",\"mask\":\"\",\"custom_mask\":\"\",\"custom_name_attribute\":\"address\",\"personally_identifiable\":1,\"value\":\"\",\"drawerDisabled\":false,\"id\":69,\"beforeField\":\"\",\"afterField\":\"\",\"parentType\":\"address\",\"element_templates\":[\"address\",\"textbox\",\"input\"],\"old_classname\":\"\",\"wrap_template\":\"wrap\"},{\"objectType\":\"Field\",\"objectDomain\":\"fields\",\"editActive\":false,\"order\":13,\"idAttribute\":\"id\",\"label\":\"Postnummer\",\"type\":\"zip\",\"key\":\"zip_1757503818010\",\"label_pos\":\"above\",\"required\":false,\"default\":\"\",\"placeholder\":\"\",\"container_class\":\"one-half first\",\"element_class\":\"\",\"input_limit\":\"\",\"input_limit_type\":\"characters\",\"input_limit_msg\":\"Tecken kvar\",\"manual_key\":false,\"admin_label\":\"\",\"help_text\":\"\",\"mask\":\"\",\"custom_mask\":\"\",\"custom_name_attribute\":\"zip\",\"personally_identifiable\":\"\",\"value\":\"\",\"drawerDisabled\":false,\"id\":70,\"beforeField\":\"\",\"afterField\":\"\",\"parentType\":\"zip\",\"element_templates\":[\"zip\",\"textbox\",\"input\",\"textbox\",\"input\"],\"old_classname\":\"\",\"wrap_template\":\"wrap\"},{\"objectType\":\"Field\",\"objectDomain\":\"fields\",\"editActive\":false,\"order\":14,\"idAttribute\":\"id\",\"label\":\"Ort\",\"type\":\"city\",\"key\":\"city_1757503815164\",\"label_pos\":\"above\",\"required\":false,\"default\":\"\",\"placeholder\":\"\",\"container_class\":\"one-half\",\"element_class\":\"\",\"input_limit\":\"\",\"input_limit_type\":\"characters\",\"input_limit_msg\":\"Tecken kvar\",\"manual_key\":false,\"admin_label\":\"\",\"help_text\":\"\",\"mask\":\"\",\"custom_mask\":\"\",\"custom_name_attribute\":\"city\",\"personally_identifiable\":\"\",\"value\":\"\",\"drawerDisabled\":false,\"id\":71,\"beforeField\":\"\",\"afterField\":\"\",\"parentType\":\"city\",\"element_templates\":[\"city\",\"textbox\",\"input\"],\"old_classname\":\"\",\"wrap_template\":\"wrap\"},{\"objectType\":\"Field\",\"objectDomain\":\"fields\",\"editActive\":false,\"order\":15,\"idAttribute\":\"id\",\"label\":\"Bokningskod\",\"type\":\"textbox\",\"key\":\"bokningskod_1756812399427\",\"label_pos\":\"above\",\"required\":false,\"default\":\"\",\"placeholder\":\"\",\"container_class\":\"one-third first\",\"element_class\":\"\",\"input_limit\":\"\",\"input_limit_type\":\"characters\",\"input_limit_msg\":\"Tecken kvar\",\"manual_key\":false,\"admin_label\":\"\",\"help_text\":\"\",\"mask\":\"\",\"custom_mask\":\"\",\"custom_name_attribute\":\"\",\"personally_identifiable\":\"\",\"value\":\"\",\"drawerDisabled\":false,\"id\":36,\"beforeField\":\"\",\"afterField\":\"\",\"parentType\":\"textbox\",\"element_templates\":[\"textbox\",\"input\"],\"old_classname\":\"\",\"wrap_template\":\"wrap\"},{\"objectType\":\"Field\",\"objectDomain\":\"fields\",\"editActive\":false,\"order\":16,\"idAttribute\":\"id\",\"label\":\"\\u00d6vrig information (t ex \\u00e5lder p\\u00e5 barn)\",\"type\":\"textarea\",\"key\":\"oevrig_information_t_ex_alder_pa_barn_1757505613057\",\"label_pos\":\"above\",\"required\":false,\"default\":\"\",\"placeholder\":\"\",\"container_class\":\"\",\"element_class\":\"\",\"input_limit\":\"\",\"input_limit_type\":\"characters\",\"input_limit_msg\":\"Tecken kvar\",\"manual_key\":false,\"admin_label\":\"\",\"help_text\":\"\",\"textarea_rte\":\"\",\"disable_rte_mobile\":\"\",\"textarea_media\":\"\",\"value\":\"\",\"drawerDisabled\":false,\"id\":75,\"beforeField\":\"\",\"afterField\":\"\",\"parentType\":\"textarea\",\"element_templates\":[\"textarea\",\"input\"],\"old_classname\":\"\",\"wrap_template\":\"wrap\"},{\"objectType\":\"Field\",\"objectDomain\":\"fields\",\"editActive\":false,\"order\":17,\"idAttribute\":\"id\",\"label\":\"Skicka bokningsf\\u00f6rfr\\u00e5gan\",\"type\":\"submit\",\"processing_label\":\"Behandlas...\",\"container_class\":\"\",\"element_class\":\"\",\"key\":\"skicka_bokningsfoerfragan_1756812429966\",\"admin_label\":\"\",\"drawerDisabled\":false,\"id\":37,\"beforeField\":\"\",\"afterField\":\"\",\"value\":\"\",\"label_pos\":\"above\",\"parentType\":\"textbox\",\"element_templates\":[\"submit\",\"button\",\"input\"],\"old_classname\":\"\",\"wrap_template\":\"wrap-no-label\"}];nfForms.push(form);<\/script>\n        \n\n\n\n<h2 class=\"wp-block-heading\">Telefontid<\/h2>\n\n\n\n<p>m\u00e5ndag-torsdag: kl 8\u201316<br>fredag: kl 8\u201314.30<\/p>\n\n\n\n<p><strong>Sommartider juni-augusti<\/strong><br>m\u00e5ndag-torsdag: kl 8\u201314<br>fredag: kl 8\u201312<\/p>\n\n\n\n<h2 class=\"wp-block-heading\">In- och utcheckning<\/h2>\n\n\n\n<p><strong>Ankomst m\u00f6jlig alla veckodagar.<\/strong><br>OBS! Du beh\u00f6ver f\u00f6rboka ditt boende och kontakta oss under telefontiderna eller via e-post (senast fredag f\u00f6rmiddag, f\u00f6r ankomst under helger).<\/p>\n\n\n\n<p>Vi st\u00e4ller d\u00e5 ut ett nyckelkuvert vid ankomst f\u00f6r egen incheckning.<\/p>\n\n\n\n<p><strong>Incheckning<\/strong><br>m\u00e5ndag-torsdag: kl 13\u201316<br>fredag: kl 13\u201314.30, senare ankomst enligt \u00f6verenskommelse<em>.<\/em><\/p>\n\n\n\n<p><strong>Utcheckning<\/strong><br>Utcheckning sker senast kl 10.<\/p>\n\n\n\n<h2 class=\"wp-block-heading\">Allm\u00e4nna trivselregler<\/h2>\n\n\n\n<p><strong>R\u00f6kning \u00e4r f\u00f6rbjuden inomhus<\/strong><br>Vid \u00f6vertr\u00e4delse debiteras kostnad f\u00f6r extra st\u00e4dning och tv\u00e4tt av textilier.<\/p>\n\n\n\n<p><strong>Husdjur \u00e4r inte till\u00e5tna<br><\/strong>Vi tycker om hundar men tyv\u00e4rr \u00e4r de inte v\u00e4lkomna hos oss d\u00e5 vi \u00e4ven vill att v\u00e5ra p\u00e4lsallergiker ska trivas hos oss.<\/p>\n","protected":false},"excerpt":{"rendered":"<div class=\"entry-summary\">\nBoka rum genom att fylla i en bokningsf\u00f6rfr\u00e5gan om rum p\u00e5 v\u00e5rt vandrarhem. Vi \u00e5terkommer till dig s\u00e5 snart vi kan.\n<\/div>\n<div class=\"link-more\"><a href=\"https:\/\/hagaberg.fhsk.se\/en\/vandrarhem\/boka-rum\/\" class=\"more-link\">Continue reading<span class=\"screen-reader-text\"> &ldquo;Boka rum&rdquo;<\/span>&hellip;<\/a><\/div>","protected":false},"author":1,"featured_media":0,"parent":559,"menu_order":0,"comment_status":"closed","ping_status":"closed","template":"templates\/sidebar.php","meta":{"slim_seo":{"title":"Boka rum - Hagabergs folkh\u00f6gskola","description":"Boka rum genom att fylla i en bokningsf\u00f6rfr\u00e5gan om rum p\u00e5 v\u00e5rt vandrarhem. Vi \u00e5terkommer till dig s\u00e5 snart vi kan."},"footnotes":""},"class_list":["post-629","page","type-page","status-publish","hentry","entry"],"_links":{"self":[{"href":"https:\/\/hagaberg.fhsk.se\/en\/wp-json\/wp\/v2\/pages\/629","targetHints":{"allow":["GET"]}}],"collection":[{"href":"https:\/\/hagaberg.fhsk.se\/en\/wp-json\/wp\/v2\/pages"}],"about":[{"href":"https:\/\/hagaberg.fhsk.se\/en\/wp-json\/wp\/v2\/types\/page"}],"author":[{"embeddable":true,"href":"https:\/\/hagaberg.fhsk.se\/en\/wp-json\/wp\/v2\/users\/1"}],"replies":[{"embeddable":true,"href":"https:\/\/hagaberg.fhsk.se\/en\/wp-json\/wp\/v2\/comments?post=629"}],"version-history":[{"count":5,"href":"https:\/\/hagaberg.fhsk.se\/en\/wp-json\/wp\/v2\/pages\/629\/revisions"}],"predecessor-version":[{"id":5891,"href":"https:\/\/hagaberg.fhsk.se\/en\/wp-json\/wp\/v2\/pages\/629\/revisions\/5891"}],"up":[{"embeddable":true,"href":"https:\/\/hagaberg.fhsk.se\/en\/wp-json\/wp\/v2\/pages\/559"}],"wp:attachment":[{"href":"https:\/\/hagaberg.fhsk.se\/en\/wp-json\/wp\/v2\/media?parent=629"}],"curies":[{"name":"wp","href":"https:\/\/api.w.org\/{rel}","templated":true}]}}