{"id":613,"date":"2020-10-07T11:03:44","date_gmt":"2020-10-07T09:03:44","guid":{"rendered":"http:\/\/localhost\/hagaberg\/?page_id=613"},"modified":"2025-09-10T15:18:29","modified_gmt":"2025-09-10T13:18:29","slug":"konferensforfragan","status":"publish","type":"page","link":"https:\/\/hagaberg.fhsk.se\/en\/konferens\/konferensforfragan\/","title":{"rendered":"Conference enquiry"},"content":{"rendered":"\n<p>V\u00e4lkommen med din f\u00f6rfr\u00e5gan till Hagabergs konferens. Anv\u00e4nd formul\u00e4ret nedan. Du kan \u00e4ven skicka e-post till <a href=\"&#x6d;&#97;&#x69;&#108;t&#x6f;&#58;k&#x6f;&#110;&#x66;&#x65;r&#x65;&#110;s&#x40;&#104;&#x61;&#x67;a&#x62;&#101;r&#x67;&#46;o&#x72;&#103;\">konf&#101;&#114;&#101;&#110;&#115;&#x40;&#x68;&#x61;&#x67;&#x61;&#x62;&#x65;rg&#46;o&#114;&#103;<\/a>. Vid fr\u00e5gor \u00e4r du v\u00e4lkommen att kontakta oss p\u00e5 <a href=\"tel:+46855091006\">08-550 910 06<\/a>\n<\/p>\n<p>\n<i>Vi behandlar dina uppgifter enligt v\u00e5r <a href=\"https:\/\/drive.google.com\/file\/d\/1VQnF8YSatg8jLLMSD8WnGVsfX1d47wsK\/view?usp=drive_link\" target=\"_blank\" rel=\"noopener noreferrer\" aria-label=\"Hagabergs policy f\u00f6r personuppgifter (PDF) - \u00f6ppnas i ny flik.\">policy f\u00f6r personuppgifter<\/a><\/i>\n<\/p>\n\n\n<noscript class=\"ninja-forms-noscript-message\">\n\tNotice: JavaScript is required for this content.<\/noscript>\n<div id=\"nf-form-2-cont\" class=\"nf-form-cont\" aria-live=\"polite\" aria-labelledby=\"nf-form-title-2\" aria-describedby=\"nf-form-errors-2\" role=\"form\">\n\n    <div class=\"nf-loading-spinner\"><\/div>\n\n<\/div>\n        <!-- That data is being printed as a workaround to page builders reordering the order of the scripts loaded-->\n        <script>var formDisplay=1;var nfForms=nfForms||[];var form=[];form.id='2';form.settings={\"objectType\":\"Form Setting\",\"editActive\":true,\"title\":\"Skicka en konferensf\\u00f6rfr\\u00e5gan...\",\"created_at\":\"2016-04-18 14:54:49\",\"form_title\":\"Quote Request Form\",\"show_title\":\"1\",\"clear_complete\":\"1\",\"hide_complete\":0,\"logged_in\":\"0\",\"key\":\"\",\"currency\":\"usd\",\"wrapper_class\":\"\",\"element_class\":\"\",\"add_submit\":\"0\",\"not_logged_in_msg\":\"\",\"sub_limit_number\":\"\",\"sub_limit_msg\":\"\",\"fieldContentsData\":\"\",\"allow_public_link\":0,\"embed_form\":\"\",\"form_title_heading_level\":\"2\",\"changeEmailErrorMsg\":\"Please enter a valid email address!\",\"changeDateErrorMsg\":\"Please enter a valid date!\",\"confirmFieldErrorMsg\":\"These fields must match!\",\"fieldNumberNumMinError\":\"Number Min Error\",\"fieldNumberNumMaxError\":\"Number Max Error\",\"fieldNumberIncrementBy\":\"Please increment by \",\"formErrorsCorrectErrors\":\"Please correct errors before submitting this form.\",\"validateRequiredField\":\"This is a required field.\",\"honeypotHoneypotError\":\"Honeypot Error\",\"fieldsMarkedRequired\":\"Fields marked with an <span class=\\\"ninja-forms-req-symbol\\\">*<\\\/span> are required\",\"unique_field_error\":\"Ett formul\\u00e4r med det h\\u00e4r v\\u00e4rdet har redan skickats.\",\"calculations\":[],\"formContentData\":[\"info_1757492185937\",\"ankomstdatum_1756803527295\",\"avresedatum_1756803728587\",\"antal_personer_1756803986727\",\"antal_boende_1756804010060\",\"foeretag_organisation_1756804039902\",\"namn_1756804059500\",\"telefon_1756804075449\",\"e-post_1756804091820\",\"oevrig_information_eller_oenskemal_1756804246447\",\"konferenstyp_1756804217068\",\"skicka_1756804260353\"],\"objectDomain\":\"display\",\"drawerDisabled\":false,\"default_label_pos\":\"above\",\"ninjaForms\":\"Ninja Forms\",\"fieldTextareaRTEInsertLink\":\"Insert Link\",\"fieldTextareaRTEInsertMedia\":\"Insert Media\",\"fieldTextareaRTESelectAFile\":\"Select a file\",\"formHoneypot\":\"If you are a human seeing this field, please leave it empty.\",\"fileUploadOldCodeFileUploadInProgress\":\"File Upload in Progress.\",\"fileUploadOldCodeFileUpload\":\"FILE UPLOAD\",\"currencySymbol\":\"&#107;&#114;\",\"thousands_sep\":\",\",\"decimal_point\":\".\",\"siteLocale\":\"en_GB\",\"dateFormat\":\"Y\\\/m\\\/d\",\"startOfWeek\":\"1\",\"of\":\"of\",\"previousMonth\":\"Previous Month\",\"nextMonth\":\"Next Month\",\"months\":[\"January\",\"February\",\"March\",\"April\",\"May\",\"June\",\"July\",\"August\",\"September\",\"October\",\"November\",\"December\"],\"monthsShort\":[\"Jan\",\"Feb\",\"Mar\",\"Apr\",\"May\",\"Jun\",\"Jul\",\"Aug\",\"Sep\",\"Oct\",\"Nov\",\"Dec\"],\"weekdays\":[\"Sunday\",\"Monday\",\"Tuesday\",\"Wednesday\",\"Thursday\",\"Friday\",\"Saturday\"],\"weekdaysShort\":[\"Sun\",\"Mon\",\"Tue\",\"Wed\",\"Thu\",\"Fri\",\"Sat\"],\"weekdaysMin\":[\"Su\",\"Mo\",\"Tu\",\"We\",\"Th\",\"Fr\",\"Sa\"],\"recaptchaConsentMissing\":\"reCaptcha validation couldn&#039;t load.\",\"recaptchaMissingCookie\":\"reCaptcha v3 validation couldn&#039;t load the cookie needed to submit the form.\",\"recaptchaConsentEvent\":\"Accept reCaptcha cookies before sending the form.\",\"currency_symbol\":\"\",\"beforeForm\":\"\",\"beforeFields\":\"\",\"afterFields\":\"\",\"afterForm\":\"\"};form.fields=[{\"objectType\":\"Field\",\"objectDomain\":\"fields\",\"editActive\":false,\"order\":1,\"idAttribute\":\"id\",\"label\":\"Info\",\"type\":\"html\",\"default\":\"<p>H\\u00e4r skickar du in din konferensf\\u00f6rfr\\u00e5gan! Vi \\u00e5terkommer till dig s\\u00e5 snart vi kan.<\\\/p>\",\"container_class\":\"\",\"element_class\":\"\",\"admin_label\":\"\",\"key\":\"info_1757492185937\",\"drawerDisabled\":false,\"id\":67,\"beforeField\":\"\",\"afterField\":\"\",\"value\":\"<p>H\\u00e4r skickar du in din konferensf\\u00f6rfr\\u00e5gan! Vi \\u00e5terkommer till dig s\\u00e5 snart vi kan.<\\\/p>\",\"label_pos\":\"above\",\"parentType\":\"html\",\"element_templates\":[\"html\",\"input\"],\"old_classname\":\"\",\"wrap_template\":\"wrap\"},{\"objectType\":\"Field\",\"objectDomain\":\"fields\",\"editActive\":false,\"order\":2,\"idAttribute\":\"id\",\"label\":\"Ankomstdatum\",\"type\":\"date\",\"key\":\"ankomstdatum_1756803527295\",\"label_pos\":\"above\",\"required\":1,\"placeholder\":\"\",\"container_class\":\"one-fourth first\",\"element_class\":\"\",\"manual_key\":false,\"admin_label\":\"\",\"help_text\":\"\",\"date_mode\":\"date_only\",\"date_default\":0,\"date_format\":\"YYYY-MM-DD\",\"year_range_start\":\"\",\"year_range_end\":\"\",\"hours_24\":0,\"minute_increment\":5,\"drawerDisabled\":false,\"id\":20,\"beforeField\":\"\",\"afterField\":\"\",\"value\":\"\",\"parentType\":\"date\",\"element_templates\":[\"date\",\"textbox\",\"input\"],\"old_classname\":\"\",\"wrap_template\":\"wrap\"},{\"objectType\":\"Field\",\"objectDomain\":\"fields\",\"editActive\":false,\"order\":3,\"idAttribute\":\"id\",\"label\":\"Avresedatum\",\"key\":\"avresedatum_1756803728587\",\"type\":\"date\",\"created_at\":\"2016-04-18 14:54:49\",\"label_pos\":\"above\",\"required\":\"\",\"container_class\":\"one-fourth\",\"element_class\":\"\",\"manual_key\":\"\",\"admin_label\":\"\",\"help_text\":\"\",\"desc_text\":\"\",\"desc_pos\":\"\",\"date_default\":\"\",\"date_format\":\"YYYY-MM-DD\",\"field_label\":\"Due Date\",\"field_key\":\"due_date\",\"placeholder\":\"\",\"date_mode\":\"date_only\",\"year_range_start\":\"\",\"year_range_end\":\"\",\"hours_24\":0,\"minute_increment\":5,\"drawerDisabled\":false,\"id\":14,\"beforeField\":\"\",\"afterField\":\"\",\"value\":\"\",\"parentType\":\"date\",\"element_templates\":[\"date\",\"textbox\",\"input\"],\"old_classname\":\"\",\"wrap_template\":\"wrap\"},{\"objectType\":\"Field\",\"objectDomain\":\"fields\",\"editActive\":false,\"order\":4,\"idAttribute\":\"id\",\"label\":\"Antal personer\",\"type\":\"number\",\"key\":\"antal_personer_1756803986727\",\"label_pos\":\"above\",\"required\":0,\"default\":\"\",\"placeholder\":\"\",\"container_class\":\"one-fourth\",\"element_class\":\"\",\"manual_key\":false,\"admin_label\":\"\",\"help_text\":\"\",\"num_min\":1,\"num_max\":200,\"num_step\":1,\"value\":\"\",\"drawerDisabled\":false,\"id\":21,\"beforeField\":\"\",\"afterField\":\"\",\"parentType\":\"number\",\"element_templates\":[\"number\",\"input\"],\"old_classname\":\"\",\"wrap_template\":\"wrap\"},{\"objectType\":\"Field\",\"objectDomain\":\"fields\",\"editActive\":false,\"order\":5,\"idAttribute\":\"id\",\"label\":\"Antal boende\",\"type\":\"number\",\"key\":\"antal_boende_1756804010060\",\"label_pos\":\"above\",\"required\":false,\"default\":\"\",\"placeholder\":\"\",\"container_class\":\"one-fourth\",\"element_class\":\"\",\"manual_key\":false,\"admin_label\":\"\",\"help_text\":\"\",\"num_min\":0,\"num_max\":200,\"num_step\":1,\"value\":\"\",\"drawerDisabled\":false,\"id\":22,\"beforeField\":\"\",\"afterField\":\"\",\"parentType\":\"number\",\"element_templates\":[\"number\",\"input\"],\"old_classname\":\"\",\"wrap_template\":\"wrap\"},{\"objectType\":\"Field\",\"objectDomain\":\"fields\",\"editActive\":false,\"order\":6,\"idAttribute\":\"id\",\"label\":\"F\\u00f6retag\\\/Organisation\",\"key\":\"foeretag_organisation_1756804039902\",\"type\":\"firstname\",\"created_at\":\"2016-04-18 14:54:50\",\"label_pos\":\"above\",\"required\":1,\"default\":\"\",\"placeholder\":\"\",\"container_class\":\"one-half first\",\"element_class\":\"\",\"admin_label\":\"\",\"help_text\":\"\",\"desc_text\":\"\",\"desc_pos\":\"\",\"field_label\":\"First Name\",\"field_key\":\"firstname\",\"custom_name_attribute\":\"fname\",\"personally_identifiable\":1,\"value\":\"\",\"drawerDisabled\":false,\"id\":17,\"beforeField\":\"\",\"afterField\":\"\",\"parentType\":\"firstname\",\"element_templates\":[\"firstname\",\"input\"],\"old_classname\":\"\",\"wrap_template\":\"wrap\"},{\"objectType\":\"Field\",\"objectDomain\":\"fields\",\"editActive\":false,\"order\":7,\"idAttribute\":\"id\",\"label\":\"Namn\",\"key\":\"namn_1756804059500\",\"type\":\"lastname\",\"created_at\":\"2016-04-18 14:54:50\",\"label_pos\":\"above\",\"required\":1,\"default\":\"\",\"placeholder\":\"\",\"container_class\":\"one-half\",\"element_class\":\"\",\"admin_label\":\"\",\"help_text\":\"\",\"desc_text\":\"\",\"desc_pos\":\"\",\"field_label\":\"Last Name\",\"field_key\":\"lastname\",\"custom_name_attribute\":\"lname\",\"personally_identifiable\":1,\"value\":\"\",\"drawerDisabled\":false,\"id\":18,\"beforeField\":\"\",\"afterField\":\"\",\"parentType\":\"lastname\",\"element_templates\":[\"lastname\",\"input\"],\"old_classname\":\"\",\"wrap_template\":\"wrap\"},{\"objectType\":\"Field\",\"objectDomain\":\"fields\",\"editActive\":false,\"order\":8,\"idAttribute\":\"id\",\"label\":\"Telefon\",\"key\":\"telefon_1756804075449\",\"type\":\"textbox\",\"created_at\":\"2016-04-18 14:54:50\",\"label_pos\":\"above\",\"required\":\"\",\"placeholder\":\"\",\"default\":\"\",\"container_class\":\"one-half first\",\"element_class\":\"\",\"input_limit\":\"\",\"input_limit_type\":\"characters\",\"input_limit_message\":\"Character(s) left\",\"manual_key\":\"\",\"disable_input\":\"\",\"admin_label\":\"\",\"help_text\":\"\",\"desc_text\":\"\",\"desc_pos\":\"\",\"disable_browser_autocomplete\":\"\",\"mask\":\"\",\"custom_mask\":\"\",\"field_label\":\"Phone\",\"field_key\":\"textbox\",\"input_limit_msg\":\"Tecken kvar\",\"custom_name_attribute\":\"\",\"personally_identifiable\":\"\",\"value\":\"\",\"drawerDisabled\":false,\"id\":6,\"beforeField\":\"\",\"afterField\":\"\",\"parentType\":\"textbox\",\"element_templates\":[\"textbox\",\"input\"],\"old_classname\":\"\",\"wrap_template\":\"wrap\"},{\"objectType\":\"Field\",\"objectDomain\":\"fields\",\"editActive\":false,\"order\":9,\"idAttribute\":\"id\",\"label\":\"E-post\",\"key\":\"e-post_1756804091820\",\"type\":\"email\",\"created_at\":\"2016-04-18 14:54:50\",\"label_pos\":\"above\",\"required\":1,\"default\":\"\",\"placeholder\":\"\",\"container_class\":\"one-half\",\"element_class\":\"\",\"admin_label\":\"\",\"help_text\":\"\",\"desc_text\":\"\",\"desc_pos\":\"\",\"field_label\":\"Email\",\"field_key\":\"email\",\"custom_name_attribute\":\"email\",\"personally_identifiable\":1,\"value\":\"\",\"drawerDisabled\":false,\"id\":19,\"beforeField\":\"\",\"afterField\":\"\",\"parentType\":\"email\",\"element_templates\":[\"email\",\"input\"],\"old_classname\":\"\",\"wrap_template\":\"wrap\"},{\"objectType\":\"Field\",\"objectDomain\":\"fields\",\"editActive\":false,\"order\":10,\"idAttribute\":\"id\",\"label\":\"\\u00d6vrig information eller \\u00f6nskem\\u00e5l\",\"type\":\"textarea\",\"key\":\"oevrig_information_eller_oenskemal_1756804246447\",\"label_pos\":\"above\",\"required\":false,\"default\":\"\",\"placeholder\":\"\",\"container_class\":\"\",\"element_class\":\"\",\"input_limit\":\"\",\"input_limit_type\":\"characters\",\"input_limit_msg\":\"Tecken kvar\",\"manual_key\":false,\"admin_label\":\"\",\"help_text\":\"\",\"textarea_rte\":\"\",\"disable_rte_mobile\":\"\",\"textarea_media\":\"\",\"value\":\"\",\"drawerDisabled\":false,\"id\":23,\"beforeField\":\"\",\"afterField\":\"\",\"parentType\":\"textarea\",\"element_templates\":[\"textarea\",\"input\"],\"old_classname\":\"\",\"wrap_template\":\"wrap\"},{\"objectType\":\"Field\",\"objectDomain\":\"fields\",\"editActive\":false,\"order\":11,\"idAttribute\":\"id\",\"label\":\"Konferenstyp\",\"type\":\"listradio\",\"key\":\"konferenstyp_1756804217068\",\"label_pos\":\"above\",\"required\":1,\"options\":[{\"errors\":[],\"max_options\":0,\"label\":\"Dagkonferens\",\"value\":\"dagkonferens\",\"calc\":\"\",\"selected\":0,\"order\":0,\"settingModel\":{\"settings\":false,\"hide_merge_tags\":false,\"error\":false,\"name\":\"options\",\"type\":\"option-repeater\",\"label\":\"Alternativ <a href=\\\"#\\\" class=\\\"nf-add-new\\\">L\\u00e4gg till nytt<\\\/a> <a href=\\\"#\\\" class=\\\"extra nf-open-import-tooltip\\\"><i class=\\\"fa fa-sign-in\\\" aria-hidden=\\\"true\\\"><\\\/i> Importera<\\\/a>\",\"width\":\"full\",\"group\":\"\",\"value\":[{\"label\":\"Ett\",\"value\":\"ett\",\"calc\":\"\",\"selected\":0,\"order\":0},{\"label\":\"Tv\\u00e5\",\"value\":\"tv\\u00e5\",\"calc\":\"\",\"selected\":0,\"order\":1},{\"label\":\"Tre\",\"value\":\"tre\",\"calc\":\"\",\"selected\":0,\"order\":2}],\"columns\":{\"label\":{\"header\":\"Etikett\",\"default\":\"\"},\"value\":{\"header\":\"V\\u00e4rde\",\"default\":\"\"},\"calc\":{\"header\":\"Ber\\u00e4kna v\\u00e4rde\",\"default\":\"\"},\"selected\":{\"header\":\"<span class=\\\"dashicons dashicons-yes\\\"><\\\/span>\",\"default\":0}}}},{\"errors\":[],\"max_options\":0,\"label\":\"Konferens med \\u00f6vernattning\",\"value\":\"konferens-med-oevernattning\",\"calc\":\"\",\"selected\":0,\"order\":1,\"settingModel\":{\"settings\":false,\"hide_merge_tags\":false,\"error\":false,\"name\":\"options\",\"type\":\"option-repeater\",\"label\":\"Alternativ <a href=\\\"#\\\" class=\\\"nf-add-new\\\">L\\u00e4gg till nytt<\\\/a> <a href=\\\"#\\\" class=\\\"extra nf-open-import-tooltip\\\"><i class=\\\"fa fa-sign-in\\\" aria-hidden=\\\"true\\\"><\\\/i> Importera<\\\/a>\",\"width\":\"full\",\"group\":\"\",\"value\":[{\"label\":\"Ett\",\"value\":\"ett\",\"calc\":\"\",\"selected\":0,\"order\":0},{\"label\":\"Tv\\u00e5\",\"value\":\"tv\\u00e5\",\"calc\":\"\",\"selected\":0,\"order\":1},{\"label\":\"Tre\",\"value\":\"tre\",\"calc\":\"\",\"selected\":0,\"order\":2}],\"columns\":{\"label\":{\"header\":\"Etikett\",\"default\":\"\"},\"value\":{\"header\":\"V\\u00e4rde\",\"default\":\"\"},\"calc\":{\"header\":\"Ber\\u00e4kna v\\u00e4rde\",\"default\":\"\"},\"selected\":{\"header\":\"<span class=\\\"dashicons dashicons-yes\\\"><\\\/span>\",\"default\":0}}}}],\"container_class\":\"\",\"element_class\":\"\",\"admin_label\":\"\",\"help_text\":\"\",\"drawerDisabled\":false,\"id\":24,\"beforeField\":\"\",\"afterField\":\"\",\"value\":\"\",\"parentType\":\"list\",\"element_templates\":[\"listradio\",\"input\"],\"old_classname\":\"list-radio\",\"wrap_template\":\"wrap\"},{\"objectType\":\"Field\",\"objectDomain\":\"fields\",\"editActive\":false,\"order\":12,\"idAttribute\":\"id\",\"label\":\"Skicka\",\"key\":\"skicka_1756804260353\",\"type\":\"submit\",\"created_at\":\"2016-04-18 14:54:51\",\"processing_label\":\"Bearbetar...\",\"container_class\":\"\",\"element_class\":\"\",\"field_label\":\"Submit\",\"field_key\":\"submit\",\"admin_label\":\"\",\"drawerDisabled\":false,\"id\":11,\"beforeField\":\"\",\"afterField\":\"\",\"value\":\"\",\"label_pos\":\"above\",\"parentType\":\"textbox\",\"element_templates\":[\"submit\",\"button\",\"input\"],\"old_classname\":\"\",\"wrap_template\":\"wrap-no-label\"}];nfForms.push(form);<\/script>\n        \n","protected":false},"excerpt":{"rendered":"<div class=\"entry-summary\">\nHost your conference at Hagaberg! Welcome to submit your conference enquiry here. We will get back to you as soon as we can.\n<\/div>\n<div class=\"link-more\"><a href=\"https:\/\/hagaberg.fhsk.se\/en\/konferens\/konferensforfragan\/\" class=\"more-link\">Continue reading<span class=\"screen-reader-text\"> &ldquo;Konferens&shy;f\u00f6rfr\u00e5gan&rdquo;<\/span>&hellip;<\/a><\/div>","protected":false},"author":1,"featured_media":0,"parent":556,"menu_order":2,"comment_status":"closed","ping_status":"closed","template":"templates\/sidebar.php","meta":{"slim_seo":{"title":"Conference enquiry","description":"Host your conference at Hagaberg! Welcome to submit your conference enquiry here. We will get back to you as soon as we can."},"footnotes":""},"class_list":["post-613","page","type-page","status-publish","hentry","entry"],"_links":{"self":[{"href":"https:\/\/hagaberg.fhsk.se\/en\/wp-json\/wp\/v2\/pages\/613","targetHints":{"allow":["GET"]}}],"collection":[{"href":"https:\/\/hagaberg.fhsk.se\/en\/wp-json\/wp\/v2\/pages"}],"about":[{"href":"https:\/\/hagaberg.fhsk.se\/en\/wp-json\/wp\/v2\/types\/page"}],"author":[{"embeddable":true,"href":"https:\/\/hagaberg.fhsk.se\/en\/wp-json\/wp\/v2\/users\/1"}],"replies":[{"embeddable":true,"href":"https:\/\/hagaberg.fhsk.se\/en\/wp-json\/wp\/v2\/comments?post=613"}],"version-history":[{"count":8,"href":"https:\/\/hagaberg.fhsk.se\/en\/wp-json\/wp\/v2\/pages\/613\/revisions"}],"predecessor-version":[{"id":5889,"href":"https:\/\/hagaberg.fhsk.se\/en\/wp-json\/wp\/v2\/pages\/613\/revisions\/5889"}],"up":[{"embeddable":true,"href":"https:\/\/hagaberg.fhsk.se\/en\/wp-json\/wp\/v2\/pages\/556"}],"wp:attachment":[{"href":"https:\/\/hagaberg.fhsk.se\/en\/wp-json\/wp\/v2\/media?parent=613"}],"curies":[{"name":"wp","href":"https:\/\/api.w.org\/{rel}","templated":true}]}}