{"id":611,"date":"2020-10-07T11:03:43","date_gmt":"2020-10-07T09:03:43","guid":{"rendered":"http:\/\/localhost\/hagaberg\/?page_id=611"},"modified":"2025-05-22T10:32:10","modified_gmt":"2025-05-22T08:32:10","slug":"lokaler","status":"publish","type":"page","link":"https:\/\/hagaberg.fhsk.se\/en\/konferens\/lokaler\/","title":{"rendered":"Premises"},"content":{"rendered":"<ul class=\"wp-block-list\">\n<li><\/li>\n<\/ul>\n\n\n\n<ul class=\"wp-block-list\">\n<li><\/li>\n<\/ul>","protected":false},"excerpt":{"rendered":"<div class=\"entry-summary\">\nVi har moderna rum och konferenslokaler som rymmer fr\u00e5n 10-200 personer, 50 rum f\u00f6r \u00f6vernattning, god v\u00e4llagad mat samt professionell och hj\u00e4lpsam personal.\n<\/div>\n<div class=\"link-more\"><a href=\"https:\/\/hagaberg.fhsk.se\/en\/konferens\/lokaler\/\" class=\"more-link\">Continue reading<span class=\"screen-reader-text\"> &ldquo;Lokaler&rdquo;<\/span>&hellip;<\/a><\/div>","protected":false},"author":1,"featured_media":0,"parent":556,"menu_order":0,"comment_status":"closed","ping_status":"closed","template":"templates\/child-pages.php","meta":{"slim_seo":{"title":"Lokaler - Hagabergs folkh\u00f6gskola","description":"Vi har moderna rum och konferenslokaler som rymmer fr\u00e5n 10-200 personer, 50 rum f\u00f6r \u00f6vernattning, god v\u00e4llagad mat samt professionell och hj\u00e4lpsam personal."},"footnotes":""},"class_list":["post-611","page","type-page","status-publish","hentry","entry"],"_links":{"self":[{"href":"https:\/\/hagaberg.fhsk.se\/en\/wp-json\/wp\/v2\/pages\/611","targetHints":{"allow":["GET"]}}],"collection":[{"href":"https:\/\/hagaberg.fhsk.se\/en\/wp-json\/wp\/v2\/pages"}],"about":[{"href":"https:\/\/hagaberg.fhsk.se\/en\/wp-json\/wp\/v2\/types\/page"}],"author":[{"embeddable":true,"href":"https:\/\/hagaberg.fhsk.se\/en\/wp-json\/wp\/v2\/users\/1"}],"replies":[{"embeddable":true,"href":"https:\/\/hagaberg.fhsk.se\/en\/wp-json\/wp\/v2\/comments?post=611"}],"version-history":[{"count":5,"href":"https:\/\/hagaberg.fhsk.se\/en\/wp-json\/wp\/v2\/pages\/611\/revisions"}],"predecessor-version":[{"id":4847,"href":"https:\/\/hagaberg.fhsk.se\/en\/wp-json\/wp\/v2\/pages\/611\/revisions\/4847"}],"up":[{"embeddable":true,"href":"https:\/\/hagaberg.fhsk.se\/en\/wp-json\/wp\/v2\/pages\/556"}],"wp:attachment":[{"href":"https:\/\/hagaberg.fhsk.se\/en\/wp-json\/wp\/v2\/media?parent=611"}],"curies":[{"name":"wp","href":"https:\/\/api.w.org\/{rel}","templated":true}]}}