{"id":559,"date":"2020-10-07T08:26:38","date_gmt":"2020-10-07T06:26:38","guid":{"rendered":"http:\/\/localhost\/hagaberg\/?page_id=559"},"modified":"2024-05-08T13:33:06","modified_gmt":"2024-05-08T11:33:06","slug":"vandrarhem","status":"publish","type":"page","link":"https:\/\/hagaberg.fhsk.se\/en\/vandrarhem\/","title":{"rendered":"Hostel"},"content":{"rendered":"<p>Hagaberg hostel is located in a park area in S\u00f6dert\u00e4lje. Our location is unique, like a small oasis, separated from the bustle of the city but still central.<\/p>\n\n\n\n<h2 class=\"wp-block-heading\">A large number of rooms<\/h2>\n\n\n\n<p>Nyvillan has three floors with a total of 26 rooms. Tron, Hoppet and K\u00e4rleken each have 8 rooms. One room in each building is adapted for disabled people. During certain periods we can offer 100 beds in 58 rooms in different buildings. During certain periods, the supply is less due to the school's boarding activities.<\/p>\n\n\n\n<figure class=\"wp-block-gallery has-nested-images columns-default is-cropped wp-block-gallery-1 is-layout-flex wp-block-gallery-is-layout-flex\">\n<figure class=\"wp-block-image size-full\"><a href=\"https:\/\/hagaberg.fhsk.se\/wp-content\/uploads\/2020\/10\/Utanfor-Nyvillan-framifran-1.jpg\"><img loading=\"lazy\" decoding=\"async\" width=\"1280\" height=\"853\" data-id=\"1361\" src=\"https:\/\/hagaberg.fhsk.se\/wp-content\/uploads\/2020\/10\/Utanfor-Nyvillan-framifran-1.jpg\" alt=\"Nyvillan framifr\u00e5n.\" class=\"wp-image-1361\" srcset=\"https:\/\/hagaberg.fhsk.se\/wp-content\/uploads\/2020\/10\/Utanfor-Nyvillan-framifran-1.jpg 1280w, https:\/\/hagaberg.fhsk.se\/wp-content\/uploads\/2020\/10\/Utanfor-Nyvillan-framifran-1-300x200.jpg 300w, https:\/\/hagaberg.fhsk.se\/wp-content\/uploads\/2020\/10\/Utanfor-Nyvillan-framifran-1-1024x682.jpg 1024w, https:\/\/hagaberg.fhsk.se\/wp-content\/uploads\/2020\/10\/Utanfor-Nyvillan-framifran-1-768x512.jpg 768w\" sizes=\"auto, (max-width: 1280px) 100vw, 1280px\" \/><\/a><\/figure>\n\n\n\n<figure class=\"wp-block-image size-full\"><a href=\"https:\/\/hagaberg.fhsk.se\/wp-content\/uploads\/2020\/10\/Nyvillan-rum-3.jpg\"><img loading=\"lazy\" decoding=\"async\" width=\"1280\" height=\"853\" data-id=\"1140\" src=\"https:\/\/hagaberg.fhsk.se\/wp-content\/uploads\/2020\/10\/Nyvillan-rum-3.jpg\" alt=\"Dubbelrum p\u00e5 Nyvillan. Dubbels\u00e4ngar med f\u00f6nster intill.\" class=\"wp-image-1140\" srcset=\"https:\/\/hagaberg.fhsk.se\/wp-content\/uploads\/2020\/10\/Nyvillan-rum-3.jpg 1280w, https:\/\/hagaberg.fhsk.se\/wp-content\/uploads\/2020\/10\/Nyvillan-rum-3-300x200.jpg 300w, https:\/\/hagaberg.fhsk.se\/wp-content\/uploads\/2020\/10\/Nyvillan-rum-3-1024x682.jpg 1024w, https:\/\/hagaberg.fhsk.se\/wp-content\/uploads\/2020\/10\/Nyvillan-rum-3-768x512.jpg 768w\" sizes=\"auto, (max-width: 1280px) 100vw, 1280px\" \/><\/a><\/figure>\n<\/figure>\n\n\n\n<p>We have single and double rooms with the possibility of setting up an extra bed. All rooms have comfortable beds with spring mattresses and their own shower and toilet. For small children there is a travel cot to borrow. Free Wi-Fi in all rooms.<\/p>\n\n\n<figure class=\"wp-block-embed-youtube wp-block-embed is-type-video is-provider-youtube wp-embed-aspect-16-9 wp-has-aspect-ratio\"><div class=\"lyte-wrapper\" title=\"Professional &amp; pleasant - conference &amp; hostel in S\u00f6dert\u00e4lje!\" style=\"width:560px;max-width:100%;margin:5px;\"><div class=\"lyMe\" id=\"WYL_A2_bXNs1kJc\" itemprop=\"video\" itemscope itemtype=\"https:\/\/schema.org\/VideoObject\"><div><meta itemprop=\"thumbnailUrl\" content=\"https:\/\/hagaberg.fhsk.se\/wp-content\/plugins\/wp-youtube-lyte\/lyteCache.php?origThumbUrl=https%3A%2F%2Fi.ytimg.com%2Fvi%2FA2_bXNs1kJc%2Fhqdefault.jpg\" \/><meta itemprop=\"embedURL\" content=\"https:\/\/www.youtube.com\/embed\/A2_bXNs1kJc\" \/><meta itemprop=\"duration\" content=\"PT3M33S\" \/><meta itemprop=\"uploadDate\" content=\"2019-01-29T13:38:02Z\" \/><\/div><meta itemprop=\"accessibilityFeature\" content=\"captions\" \/><div id=\"lyte_A2_bXNs1kJc\" data-src=\"https:\/\/hagaberg.fhsk.se\/wp-content\/plugins\/wp-youtube-lyte\/lyteCache.php?origThumbUrl=https%3A%2F%2Fi.ytimg.com%2Fvi%2FA2_bXNs1kJc%2Fhqdefault.jpg\" class=\"pL\"><div class=\"tC\"><div class=\"tT\" itemprop=\"name\">Professional &amp; pleasant - conference &amp; hostel in S\u00f6dert\u00e4lje!<\/div><\/div><div class=\"play\"><\/div><div class=\"ctrl\"><div class=\"Lctrl\"><\/div><div class=\"Rctrl\"><\/div><\/div><\/div><noscript><a href=\"https:\/\/youtu.be\/A2_bXNs1kJc\" rel=\"nofollow\"><img loading=\"lazy\" decoding=\"async\" src=\"https:\/\/hagaberg.fhsk.se\/wp-content\/plugins\/wp-youtube-lyte\/lyteCache.php?origThumbUrl=https%3A%2F%2Fi.ytimg.com%2Fvi%2FA2_bXNs1kJc%2F0.jpg\" alt=\"Proffsigt &amp;amp; trivsamt - konferens &amp;amp; vandrarhem i S&ouml;dert&auml;lje!\" width=\"560\" height=\"295\" \/><br \/>Watch this video on YouTube<\/a><\/noscript><meta itemprop=\"description\" content=\"P\u00e5 vackra Hagaberg med b\u00e5de n\u00e4rhet till S\u00f6dert\u00e4lje centrum och avskildhet i en gr\u00f6nskande milj\u00f6, finns m\u00f6jlighet till unika konferenslokaler i toppskikt. Hagabergs folkh\u00f6gskola bedriver vuxenutbildning och modern kursverksamhet med gamla anor. H\u00e4r finns en v\u00e4lbes\u00f6kt restaurang med egen tillagad mat, olika stora konferenssalar utrustade med toppmodern utrustning och en rogivande milj\u00f6 b\u00e5de inom- och utomhus. Det finns trivsamma rum f\u00f6r \u00f6vernattning och frukost i matsalen. - Fyll p\u00e5 med inspiration! - F\u00e5 tillf\u00e4lle till \u00e5terh\u00e4mtning! - Umg\u00e5s, vila och ge plats f\u00f6r utveckling i en unik milj\u00f6! L\u00e4s mer om v\u00e5r konferensverksamhet p\u00e5 hemsidan; https:\/\/www.hagaberg.fhsk.se\/index.php\/konferens\/ Varmt v\u00e4lkomna till Hagaberg! #konferens #s\u00f6dert\u00e4lje #vandrarhem\"><\/div><\/div><div class=\"lL\" style=\"max-width:100%;width:560px;margin:5px;\"><\/div><figcaption><\/figcaption><\/figure>\n\n\n<h2 class=\"wp-block-heading\">We also offer<\/h2>\n\n\n\n<p>If you come by car, you can park for free in the area. We have a large car park near Nyvillan and some smaller ones in close proximity.<\/p>\n\n\n\n<p>Tron, Hoppet, K\u00e4rleken and all floors in Nyvillan have common well-equipped kitchens and living rooms with TV.<\/p>\n\n\n\n<p>We have our own restaurant in the area. It's possible to buy breakfast every weekday and if you are a larger group also on weekends.<\/p>\n\n\n\n<div class=\"wp-block-columns is-layout-flex wp-container-core-columns-is-layout-9d6595d7 wp-block-columns-is-layout-flex\">\n<div class=\"wp-block-column is-layout-flow wp-block-column-is-layout-flow\" style=\"flex-basis:70%\">\n<p>The lunch service is open every weekday. For closed parties or conference groups, we are also open on weekends. The restaurant is closed during certain weeks in the summer.<\/p>\n<\/div>\n\n\n\n<div class=\"wp-block-column is-layout-flow wp-block-column-is-layout-flow\" style=\"flex-basis:20%\"><div class=\"wp-block-image\">\n<figure class=\"aligncenter size-large is-resized\"><a href=\"https:\/\/www.svanen.se\/att-svanenmarka\/kriterier-ansokan\/hotell-restaurang-och-konferens-055\/\" target=\"_blank\" rel=\"noreferrer noopener\"><img loading=\"lazy\" decoding=\"async\" width=\"231\" height=\"300\" src=\"https:\/\/hagaberg.fhsk.se\/wp-content\/uploads\/2020\/10\/Svanen-vandrarhem-231x300-1.png\" alt=\"Svanen logotype (Hotell 3055 0336).\" class=\"wp-image-1121\" style=\"width:116px;height:150px\"\/><\/a><\/figure>\n<\/div><\/div>\n\n\n\n<div class=\"wp-block-column is-layout-flow wp-block-column-is-layout-flow\" style=\"flex-basis:10%\"><\/div>\n<\/div>","protected":false},"excerpt":{"rendered":"<div class=\"entry-summary\">\nHagaberg hostel is located in a park area in S\u00f6dert\u00e4lje. Our location is unique, like a small oasis, separated from the bustle of the city but still central.\n<\/div>\n<div class=\"link-more\"><a href=\"https:\/\/hagaberg.fhsk.se\/en\/vandrarhem\/\" class=\"more-link\">Continue reading<span class=\"screen-reader-text\"> &ldquo;Vandrarhem&rdquo;<\/span>&hellip;<\/a><\/div>","protected":false},"author":1,"featured_media":0,"parent":0,"menu_order":0,"comment_status":"closed","ping_status":"closed","template":"templates\/sidebar.php","meta":{"slim_seo":{"title":"Vandrarhem - Hagabergs folkh\u00f6gskola","description":"Hagaberg hostel is located in a park area in S\u00f6dert\u00e4lje. Our location is unique, like a small oasis, separated from the bustle of the city but still central."},"footnotes":""},"class_list":["post-559","page","type-page","status-publish","hentry","entry"],"_links":{"self":[{"href":"https:\/\/hagaberg.fhsk.se\/en\/wp-json\/wp\/v2\/pages\/559","targetHints":{"allow":["GET"]}}],"collection":[{"href":"https:\/\/hagaberg.fhsk.se\/en\/wp-json\/wp\/v2\/pages"}],"about":[{"href":"https:\/\/hagaberg.fhsk.se\/en\/wp-json\/wp\/v2\/types\/page"}],"author":[{"embeddable":true,"href":"https:\/\/hagaberg.fhsk.se\/en\/wp-json\/wp\/v2\/users\/1"}],"replies":[{"embeddable":true,"href":"https:\/\/hagaberg.fhsk.se\/en\/wp-json\/wp\/v2\/comments?post=559"}],"version-history":[{"count":7,"href":"https:\/\/hagaberg.fhsk.se\/en\/wp-json\/wp\/v2\/pages\/559\/revisions"}],"predecessor-version":[{"id":5059,"href":"https:\/\/hagaberg.fhsk.se\/en\/wp-json\/wp\/v2\/pages\/559\/revisions\/5059"}],"wp:attachment":[{"href":"https:\/\/hagaberg.fhsk.se\/en\/wp-json\/wp\/v2\/media?parent=559"}],"curies":[{"name":"wp","href":"https:\/\/api.w.org\/{rel}","templated":true}]}}