{"id":556,"date":"2020-10-07T08:26:09","date_gmt":"2020-10-07T06:26:09","guid":{"rendered":"http:\/\/localhost\/hagaberg\/?page_id=556"},"modified":"2024-02-20T13:50:20","modified_gmt":"2024-02-20T12:50:20","slug":"konferens","status":"publish","type":"page","link":"https:\/\/hagaberg.fhsk.se\/en\/konferens\/","title":{"rendered":"Conference"},"content":{"rendered":"<p>For over 100 years, Hagaberg has been a place for meetings, education and change. A place, beautifully embedded in a lush park environment, close to the pulse of the city and communications.<\/p>\n\n\n\n<figure class=\"wp-block-image size-large\"><img loading=\"lazy\" decoding=\"async\" width=\"748\" height=\"365\" src=\"https:\/\/hagaberg.fhsk.se\/wp-content\/uploads\/2020\/10\/Hagaberg-fran-luften.png\" alt=\"Hagaberg flygfoto-vy.\" class=\"wp-image-1269\" srcset=\"https:\/\/hagaberg.fhsk.se\/wp-content\/uploads\/2020\/10\/Hagaberg-fran-luften.png 748w, https:\/\/hagaberg.fhsk.se\/wp-content\/uploads\/2020\/10\/Hagaberg-fran-luften-300x146.png 300w\" sizes=\"auto, (max-width: 748px) 100vw, 748px\" \/><figcaption class=\"wp-element-caption\">Aerial View over Hagaberg<\/figcaption><\/figure>\n\n\n\n<p>Today, Hagaberg has modern rooms and conference facilities that can accommodate everything from 10 to 200 people, 50 rooms for overnight stays and a restaurant with tasty, well-prepared food. All framed by professional and helpful staff.<\/p>\n\n\n\n<p>We are an affordable alternative for both large and small conferences. Several of the rooms have a grand piano or piano \u2013 you are welcome to play a tune!<\/p>\n\n\n\n<p>With us you will find a creative environment that is suitable for continuing education, meetings and staff care.<\/p>\n\n\n<figure class=\"wp-block-embed-youtube wp-block-embed is-type-video is-provider-youtube wp-embed-aspect-16-9 wp-has-aspect-ratio\"><div class=\"lyte-wrapper\" title=\"Professional &amp; pleasant - conference &amp; hostel in S\u00f6dert\u00e4lje!\" style=\"width:560px;max-width:100%;margin:5px;\"><div class=\"lyMe\" id=\"WYL_A2_bXNs1kJc\" itemprop=\"video\" itemscope itemtype=\"https:\/\/schema.org\/VideoObject\"><div><meta itemprop=\"thumbnailUrl\" content=\"https:\/\/hagaberg.fhsk.se\/wp-content\/plugins\/wp-youtube-lyte\/lyteCache.php?origThumbUrl=https%3A%2F%2Fi.ytimg.com%2Fvi%2FA2_bXNs1kJc%2Fhqdefault.jpg\" \/><meta itemprop=\"embedURL\" content=\"https:\/\/www.youtube.com\/embed\/A2_bXNs1kJc\" \/><meta itemprop=\"duration\" content=\"PT3M33S\" \/><meta itemprop=\"uploadDate\" content=\"2019-01-29T13:38:02Z\" \/><\/div><meta itemprop=\"accessibilityFeature\" content=\"captions\" \/><div id=\"lyte_A2_bXNs1kJc\" data-src=\"https:\/\/hagaberg.fhsk.se\/wp-content\/plugins\/wp-youtube-lyte\/lyteCache.php?origThumbUrl=https%3A%2F%2Fi.ytimg.com%2Fvi%2FA2_bXNs1kJc%2Fhqdefault.jpg\" class=\"pL\"><div class=\"tC\"><div class=\"tT\" itemprop=\"name\">Professional &amp; pleasant - conference &amp; hostel in S\u00f6dert\u00e4lje!<\/div><\/div><div class=\"play\"><\/div><div class=\"ctrl\"><div class=\"Lctrl\"><\/div><div class=\"Rctrl\"><\/div><\/div><\/div><noscript><a href=\"https:\/\/youtu.be\/A2_bXNs1kJc\" rel=\"nofollow\"><img loading=\"lazy\" decoding=\"async\" src=\"https:\/\/hagaberg.fhsk.se\/wp-content\/plugins\/wp-youtube-lyte\/lyteCache.php?origThumbUrl=https%3A%2F%2Fi.ytimg.com%2Fvi%2FA2_bXNs1kJc%2F0.jpg\" alt=\"Proffsigt &amp;amp; trivsamt - konferens &amp;amp; vandrarhem i S&ouml;dert&auml;lje!\" width=\"560\" height=\"295\" \/><br \/>Watch this video on YouTube<\/a><\/noscript><meta itemprop=\"description\" content=\"P\u00e5 vackra Hagaberg med b\u00e5de n\u00e4rhet till S\u00f6dert\u00e4lje centrum och avskildhet i en gr\u00f6nskande milj\u00f6, finns m\u00f6jlighet till unika konferenslokaler i toppskikt. Hagabergs folkh\u00f6gskola bedriver vuxenutbildning och modern kursverksamhet med gamla anor. H\u00e4r finns en v\u00e4lbes\u00f6kt restaurang med egen tillagad mat, olika stora konferenssalar utrustade med toppmodern utrustning och en rogivande milj\u00f6 b\u00e5de inom- och utomhus. Det finns trivsamma rum f\u00f6r \u00f6vernattning och frukost i matsalen. - Fyll p\u00e5 med inspiration! - F\u00e5 tillf\u00e4lle till \u00e5terh\u00e4mtning! - Umg\u00e5s, vila och ge plats f\u00f6r utveckling i en unik milj\u00f6! L\u00e4s mer om v\u00e5r konferensverksamhet p\u00e5 hemsidan; https:\/\/www.hagaberg.fhsk.se\/index.php\/konferens\/ Varmt v\u00e4lkomna till Hagaberg! #konferens #s\u00f6dert\u00e4lje #vandrarhem\"><\/div><\/div><div class=\"lL\" style=\"max-width:100%;width:560px;margin:5px;\"><\/div><figcaption><\/figcaption><\/figure>\n\n\n<div class=\"wp-block-columns is-layout-flex wp-container-core-columns-is-layout-9d6595d7 wp-block-columns-is-layout-flex\">\n<div class=\"wp-block-column is-layout-flow wp-block-column-is-layout-flow\" style=\"flex-basis:70%\">\n<p>At Hagaberg we prefer to work with organic fair trade ingredients and are environmentally certified. We are a place for unique meetings, experiences and activities \u2013 a place where everyone can fit in.<\/p>\n<\/div>\n\n\n\n<div class=\"wp-block-column is-layout-flow wp-block-column-is-layout-flow\" style=\"flex-basis:20%\"><div class=\"wp-block-image\">\n<figure class=\"aligncenter size-large is-resized\"><a href=\"https:\/\/www.svanen.se\/att-svanenmarka\/kriterier-ansokan\/hotell-restaurang-och-konferens-055\/\" target=\"_blank\" rel=\"noreferrer noopener\"><img loading=\"lazy\" decoding=\"async\" width=\"231\" height=\"300\" src=\"https:\/\/hagaberg.fhsk.se\/wp-content\/uploads\/2020\/10\/Svanen-vandrarhem-231x300-1.png\" alt=\"Svanen logotype (Hotell 3055 0336).\" class=\"wp-image-1121\" style=\"width:116px;height:150px\"\/><\/a><\/figure>\n<\/div><\/div>\n\n\n\n<div class=\"wp-block-column is-layout-flow wp-block-column-is-layout-flow\" style=\"flex-basis:10%\"><\/div>\n<\/div>","protected":false},"excerpt":{"rendered":"<div class=\"entry-summary\">\nFor more than a 100 years, Hagaberg has been a place for meetings, education and change. A place, beautifully embedded in a leafy park environment, close to the pulse of the city and communications.\n<\/div>\n<div class=\"link-more\"><a href=\"https:\/\/hagaberg.fhsk.se\/en\/konferens\/\" class=\"more-link\">Continue reading<span class=\"screen-reader-text\"> &ldquo;Konferens&rdquo;<\/span>&hellip;<\/a><\/div>","protected":false},"author":1,"featured_media":0,"parent":0,"menu_order":0,"comment_status":"closed","ping_status":"closed","template":"templates\/sidebar.php","meta":{"slim_seo":{"title":"Konferens - Hagabergs folkh\u00f6gskola","description":"For more than a 100 years, Hagaberg has been a place for meetings, education and change. A place, beautifully embedded in a leafy park environment, close to the pulse of the city and communications."},"footnotes":""},"class_list":["post-556","page","type-page","status-publish","hentry","entry"],"_links":{"self":[{"href":"https:\/\/hagaberg.fhsk.se\/en\/wp-json\/wp\/v2\/pages\/556","targetHints":{"allow":["GET"]}}],"collection":[{"href":"https:\/\/hagaberg.fhsk.se\/en\/wp-json\/wp\/v2\/pages"}],"about":[{"href":"https:\/\/hagaberg.fhsk.se\/en\/wp-json\/wp\/v2\/types\/page"}],"author":[{"embeddable":true,"href":"https:\/\/hagaberg.fhsk.se\/en\/wp-json\/wp\/v2\/users\/1"}],"replies":[{"embeddable":true,"href":"https:\/\/hagaberg.fhsk.se\/en\/wp-json\/wp\/v2\/comments?post=556"}],"version-history":[{"count":22,"href":"https:\/\/hagaberg.fhsk.se\/en\/wp-json\/wp\/v2\/pages\/556\/revisions"}],"predecessor-version":[{"id":4858,"href":"https:\/\/hagaberg.fhsk.se\/en\/wp-json\/wp\/v2\/pages\/556\/revisions\/4858"}],"wp:attachment":[{"href":"https:\/\/hagaberg.fhsk.se\/en\/wp-json\/wp\/v2\/media?parent=556"}],"curies":[{"name":"wp","href":"https:\/\/api.w.org\/{rel}","templated":true}]}}