{"id":4922,"date":"2024-03-06T13:30:00","date_gmt":"2024-03-06T12:30:00","guid":{"rendered":"https:\/\/hagaberg.fhsk.se\/?page_id=4922"},"modified":"2024-04-18T17:19:26","modified_gmt":"2024-04-18T15:19:26","slug":"aktiviteter","status":"publish","type":"page","link":"https:\/\/hagaberg.fhsk.se\/en\/konferens\/aktiviteter\/","title":{"rendered":"Aktiviteter"},"content":{"rendered":"<h2 class=\"wp-block-heading\">An active conference with focus on health and team building<\/h2>\n\n\n\n<figure class=\"wp-block-image size-full is-resized\"><a href=\"\/wp-content\/uploads\/2024\/03\/AKTIVITETER-KORPEN.pdf\" target=\"_blank\" rel=\"noreferrer noopener\"><img loading=\"lazy\" decoding=\"async\" width=\"748\" height=\"1058\" src=\"https:\/\/hagaberg.fhsk.se\/wp-content\/uploads\/2024\/03\/AKTIVITETER-KORPEN.png\" alt=\"Hagaberg erbjuder extra aktiviteter p\u00e5 er konferens. Detta g\u00f6rs i samarbete med Korpen.\" class=\"wp-image-4920\" style=\"width:576px;height:auto\" srcset=\"https:\/\/hagaberg.fhsk.se\/wp-content\/uploads\/2024\/03\/AKTIVITETER-KORPEN.png 748w, https:\/\/hagaberg.fhsk.se\/wp-content\/uploads\/2024\/03\/AKTIVITETER-KORPEN-212x300.png 212w, https:\/\/hagaberg.fhsk.se\/wp-content\/uploads\/2024\/03\/AKTIVITETER-KORPEN-724x1024.png 724w, https:\/\/hagaberg.fhsk.se\/wp-content\/uploads\/2024\/03\/AKTIVITETER-KORPEN-8x12.png 8w\" sizes=\"auto, (max-width: 748px) 100vw, 748px\" \/><\/a><figcaption class=\"wp-element-caption\">click to view in fullscreen (pdf, new tab)<\/figcaption><\/figure>\n\n\n\n<h2 class=\"wp-block-heading\">Body and soul with yoga and mindfulness<\/h2>\n\n\n\n<figure class=\"wp-block-image size-full is-resized\"><a href=\"\/wp-content\/uploads\/2024\/04\/AKTIVITETER-YOGA.pdf\" target=\"_blank\" rel=\"noreferrer noopener\"><img loading=\"lazy\" decoding=\"async\" width=\"748\" height=\"1058\" src=\"https:\/\/hagaberg.fhsk.se\/wp-content\/uploads\/2024\/04\/AKTIVITETER-YOGA.png\" alt=\"I samarbete med Move Your Mind erbjuds diverse yoga-aktiviteter att komplettera med eller planera konferens ifr\u00e5n.\" class=\"wp-image-5016\" style=\"width:576px;height:auto\" srcset=\"https:\/\/hagaberg.fhsk.se\/wp-content\/uploads\/2024\/04\/AKTIVITETER-YOGA.png 748w, https:\/\/hagaberg.fhsk.se\/wp-content\/uploads\/2024\/04\/AKTIVITETER-YOGA-212x300.png 212w, https:\/\/hagaberg.fhsk.se\/wp-content\/uploads\/2024\/04\/AKTIVITETER-YOGA-724x1024.png 724w, https:\/\/hagaberg.fhsk.se\/wp-content\/uploads\/2024\/04\/AKTIVITETER-YOGA-8x12.png 8w\" sizes=\"auto, (max-width: 748px) 100vw, 748px\" \/><\/a><figcaption class=\"wp-element-caption\">click to view in fullscreen (pdf, new tab)<\/figcaption><\/figure>","protected":false},"excerpt":{"rendered":"<div class=\"entry-summary\">\nAktiv konferens med fokus p\u00e5 h\u00e4lsa och teambuilding Kropp och sj\u00e4l med yoga och mindfulness\n<\/div>\n<div class=\"link-more\"><a href=\"https:\/\/hagaberg.fhsk.se\/en\/konferens\/aktiviteter\/\" class=\"more-link\">Continue reading<span class=\"screen-reader-text\"> &ldquo;Aktiviteter&rdquo;<\/span>&hellip;<\/a><\/div>","protected":false},"author":1,"featured_media":0,"parent":556,"menu_order":0,"comment_status":"closed","ping_status":"closed","template":"templates\/sidebar.php","meta":{"slim_seo":{"title":"Aktiviteter - Hagabergs folkh\u00f6gskola","description":"Aktiv konferens med fokus p\u00e5 h\u00e4lsa och teambuilding Kropp och sj\u00e4l med yoga och mindfulness"},"footnotes":""},"class_list":["post-4922","page","type-page","status-publish","hentry","entry"],"_links":{"self":[{"href":"https:\/\/hagaberg.fhsk.se\/en\/wp-json\/wp\/v2\/pages\/4922","targetHints":{"allow":["GET"]}}],"collection":[{"href":"https:\/\/hagaberg.fhsk.se\/en\/wp-json\/wp\/v2\/pages"}],"about":[{"href":"https:\/\/hagaberg.fhsk.se\/en\/wp-json\/wp\/v2\/types\/page"}],"author":[{"embeddable":true,"href":"https:\/\/hagaberg.fhsk.se\/en\/wp-json\/wp\/v2\/users\/1"}],"replies":[{"embeddable":true,"href":"https:\/\/hagaberg.fhsk.se\/en\/wp-json\/wp\/v2\/comments?post=4922"}],"version-history":[{"count":5,"href":"https:\/\/hagaberg.fhsk.se\/en\/wp-json\/wp\/v2\/pages\/4922\/revisions"}],"predecessor-version":[{"id":5018,"href":"https:\/\/hagaberg.fhsk.se\/en\/wp-json\/wp\/v2\/pages\/4922\/revisions\/5018"}],"up":[{"embeddable":true,"href":"https:\/\/hagaberg.fhsk.se\/en\/wp-json\/wp\/v2\/pages\/556"}],"wp:attachment":[{"href":"https:\/\/hagaberg.fhsk.se\/en\/wp-json\/wp\/v2\/media?parent=4922"}],"curies":[{"name":"wp","href":"https:\/\/api.w.org\/{rel}","templated":true}]}}