{"id":4431,"date":"2023-09-19T13:25:58","date_gmt":"2023-09-19T11:25:58","guid":{"rendered":"https:\/\/hagaberg.fhsk.se\/?page_id=4431"},"modified":"2023-10-06T11:00:32","modified_gmt":"2023-10-06T09:00:32","slug":"elins-kammare","status":"publish","type":"page","link":"https:\/\/hagaberg.fhsk.se\/en\/konferens\/lokaler\/elins-kammare\/","title":{"rendered":"Elins kammare"},"content":{"rendered":"<p>Elins kammare is our smallest room, a cosy little room with a tiled stove. Here, you sit around a boardroom table that accommodates up to 10 people and connect to a screen on the wall. Adjacent to the room is a small seating area with armchairs that can be used when it is free.<\/p>\n\n\n\n<figure class=\"wp-block-gallery has-nested-images columns-2 wp-block-gallery-1 is-layout-flex wp-block-gallery-is-layout-flex\">\n<figure class=\"wp-block-image size-full\"><a href=\"https:\/\/hagaberg.fhsk.se\/wp-content\/uploads\/2023\/09\/Elins-kammare-2.jpg\"><img loading=\"lazy\" decoding=\"async\" width=\"1200\" height=\"900\" data-id=\"4434\" src=\"https:\/\/hagaberg.fhsk.se\/wp-content\/uploads\/2023\/09\/Elins-kammare-2.jpg\" alt=\"Elins kammare, stort bord med 8 stolar vy in i Rinmansalen.\" class=\"wp-image-4434\" srcset=\"https:\/\/hagaberg.fhsk.se\/wp-content\/uploads\/2023\/09\/Elins-kammare-2.jpg 1200w, https:\/\/hagaberg.fhsk.se\/wp-content\/uploads\/2023\/09\/Elins-kammare-2-300x225.jpg 300w, https:\/\/hagaberg.fhsk.se\/wp-content\/uploads\/2023\/09\/Elins-kammare-2-1024x768.jpg 1024w, https:\/\/hagaberg.fhsk.se\/wp-content\/uploads\/2023\/09\/Elins-kammare-2-768x576.jpg 768w\" sizes=\"auto, (max-width: 1200px) 100vw, 1200px\" \/><\/a><\/figure>\n\n\n\n<figure class=\"wp-block-image size-full\"><a href=\"https:\/\/hagaberg.fhsk.se\/wp-content\/uploads\/2023\/09\/Elins-kammare-1.jpg\"><img loading=\"lazy\" decoding=\"async\" width=\"1200\" height=\"900\" data-id=\"4433\" src=\"https:\/\/hagaberg.fhsk.se\/wp-content\/uploads\/2023\/09\/Elins-kammare-1.jpg\" alt=\"Elins kammare stort bord med 8 stolar framf\u00f6r en stor TV-sk\u00e4rm och ett bl\u00e4dderblock.\" class=\"wp-image-4433\" srcset=\"https:\/\/hagaberg.fhsk.se\/wp-content\/uploads\/2023\/09\/Elins-kammare-1.jpg 1200w, https:\/\/hagaberg.fhsk.se\/wp-content\/uploads\/2023\/09\/Elins-kammare-1-300x225.jpg 300w, https:\/\/hagaberg.fhsk.se\/wp-content\/uploads\/2023\/09\/Elins-kammare-1-1024x768.jpg 1024w, https:\/\/hagaberg.fhsk.se\/wp-content\/uploads\/2023\/09\/Elins-kammare-1-768x576.jpg 768w\" sizes=\"auto, (max-width: 1200px) 100vw, 1200px\" \/><\/a><\/figure>\n\n\n\n<figure class=\"wp-block-image size-full\"><a href=\"https:\/\/hagaberg.fhsk.se\/wp-content\/uploads\/2023\/09\/Elins-kammare-3.jpg\"><img loading=\"lazy\" decoding=\"async\" width=\"1200\" height=\"900\" data-id=\"4442\" src=\"https:\/\/hagaberg.fhsk.se\/wp-content\/uploads\/2023\/09\/Elins-kammare-3.jpg\" alt=\"Elins kammare stort bord med 8 stolar framf\u00f6r en stor TV-sk\u00e4rm och ett bl\u00e4dderblock. Vy mot f\u00f6nster.\" class=\"wp-image-4442\" srcset=\"https:\/\/hagaberg.fhsk.se\/wp-content\/uploads\/2023\/09\/Elins-kammare-3.jpg 1200w, https:\/\/hagaberg.fhsk.se\/wp-content\/uploads\/2023\/09\/Elins-kammare-3-300x225.jpg 300w, https:\/\/hagaberg.fhsk.se\/wp-content\/uploads\/2023\/09\/Elins-kammare-3-1024x768.jpg 1024w, https:\/\/hagaberg.fhsk.se\/wp-content\/uploads\/2023\/09\/Elins-kammare-3-768x576.jpg 768w\" sizes=\"auto, (max-width: 1200px) 100vw, 1200px\" \/><\/a><\/figure>\n\n\n\n<figure class=\"wp-block-image size-full\"><a href=\"https:\/\/hagaberg.fhsk.se\/wp-content\/uploads\/2023\/09\/Rinmans-horna.jpg\"><img loading=\"lazy\" decoding=\"async\" width=\"1200\" height=\"900\" data-id=\"4436\" src=\"https:\/\/hagaberg.fhsk.se\/wp-content\/uploads\/2023\/09\/Rinmans-horna.jpg\" alt=\"Sittgrupp utanf\u00f6r Elins kammare som kan nyttjas n\u00e4r den \u00e4r ledig.\" class=\"wp-image-4436\" srcset=\"https:\/\/hagaberg.fhsk.se\/wp-content\/uploads\/2023\/09\/Rinmans-horna.jpg 1200w, https:\/\/hagaberg.fhsk.se\/wp-content\/uploads\/2023\/09\/Rinmans-horna-300x225.jpg 300w, https:\/\/hagaberg.fhsk.se\/wp-content\/uploads\/2023\/09\/Rinmans-horna-1024x768.jpg 1024w, https:\/\/hagaberg.fhsk.se\/wp-content\/uploads\/2023\/09\/Rinmans-horna-768x576.jpg 768w\" sizes=\"auto, (max-width: 1200px) 100vw, 1200px\" \/><\/a><\/figure>\n<\/figure>","protected":false},"excerpt":{"rendered":"<div class=\"entry-summary\">\nOur smallest room, a cosy little room with a tiled stove. Here, you sit around a boardroom table that accommodates up to 10 people and connect to a screen on the wall.\n<\/div>\n<div class=\"link-more\"><a href=\"https:\/\/hagaberg.fhsk.se\/en\/konferens\/lokaler\/elins-kammare\/\" class=\"more-link\">Continue reading<span class=\"screen-reader-text\"> \u201cElins kammare\u201d<\/span>&hellip;<\/a><\/div>","protected":false},"author":1,"featured_media":4450,"parent":611,"menu_order":1,"comment_status":"closed","ping_status":"closed","template":"templates\/sidebar.php","meta":{"slim_seo":{"title":"Elins kammare - Hagabergs folkh\u00f6gskola","description":"Our smallest room, a cosy little room with a tiled stove. Here, you sit around a boardroom table that accommodates up to 10 people and connect to a screen on the wall."},"footnotes":""},"class_list":["post-4431","page","type-page","status-publish","has-post-thumbnail","hentry","entry"],"_links":{"self":[{"href":"https:\/\/hagaberg.fhsk.se\/en\/wp-json\/wp\/v2\/pages\/4431","targetHints":{"allow":["GET"]}}],"collection":[{"href":"https:\/\/hagaberg.fhsk.se\/en\/wp-json\/wp\/v2\/pages"}],"about":[{"href":"https:\/\/hagaberg.fhsk.se\/en\/wp-json\/wp\/v2\/types\/page"}],"author":[{"embeddable":true,"href":"https:\/\/hagaberg.fhsk.se\/en\/wp-json\/wp\/v2\/users\/1"}],"replies":[{"embeddable":true,"href":"https:\/\/hagaberg.fhsk.se\/en\/wp-json\/wp\/v2\/comments?post=4431"}],"version-history":[{"count":7,"href":"https:\/\/hagaberg.fhsk.se\/en\/wp-json\/wp\/v2\/pages\/4431\/revisions"}],"predecessor-version":[{"id":4499,"href":"https:\/\/hagaberg.fhsk.se\/en\/wp-json\/wp\/v2\/pages\/4431\/revisions\/4499"}],"up":[{"embeddable":true,"href":"https:\/\/hagaberg.fhsk.se\/en\/wp-json\/wp\/v2\/pages\/611"}],"wp:featuredmedia":[{"embeddable":true,"href":"https:\/\/hagaberg.fhsk.se\/en\/wp-json\/wp\/v2\/media\/4450"}],"wp:attachment":[{"href":"https:\/\/hagaberg.fhsk.se\/en\/wp-json\/wp\/v2\/media?parent=4431"}],"curies":[{"name":"wp","href":"https:\/\/api.w.org\/{rel}","templated":true}]}}