{"id":1044,"date":"2020-10-16T13:22:19","date_gmt":"2020-10-16T11:22:19","guid":{"rendered":"http:\/\/localhost\/hagaberg\/?page_id=1044"},"modified":"2026-02-25T10:20:51","modified_gmt":"2026-02-25T09:20:51","slug":"eken","status":"publish","type":"page","link":"https:\/\/hagaberg.fhsk.se\/en\/konferens\/lokaler\/eken\/","title":{"rendered":"Eken"},"content":{"rendered":"<p>Eken is a venue with a modern feel. The large ceiling domes provide a pleasant light and the huge whiteboard leaves plenty of room for creativity. The room has a horizontal layout, therefore, the room offers a close contact between speakers and listeners.<\/p>\n\n\n\n<figure class=\"wp-block-gallery has-nested-images columns-default is-cropped wp-block-gallery-1 is-layout-flex wp-block-gallery-is-layout-flex\">\n<figure class=\"wp-block-image size-full\"><a href=\"https:\/\/hagaberg.fhsk.se\/wp-content\/uploads\/2026\/02\/Eken.jpg\"><img loading=\"lazy\" decoding=\"async\" width=\"1210\" height=\"873\" data-id=\"6191\" src=\"https:\/\/hagaberg.fhsk.se\/wp-content\/uploads\/2026\/02\/Eken.jpg\" alt=\"Ekensalen m\u00f6blerad i \u00f6ar vy mot f\u00f6nster.\" class=\"wp-image-6191\" srcset=\"https:\/\/hagaberg.fhsk.se\/wp-content\/uploads\/2026\/02\/Eken.jpg 1210w, https:\/\/hagaberg.fhsk.se\/wp-content\/uploads\/2026\/02\/Eken-300x216.jpg 300w, https:\/\/hagaberg.fhsk.se\/wp-content\/uploads\/2026\/02\/Eken-1024x739.jpg 1024w, https:\/\/hagaberg.fhsk.se\/wp-content\/uploads\/2026\/02\/Eken-768x554.jpg 768w, https:\/\/hagaberg.fhsk.se\/wp-content\/uploads\/2026\/02\/Eken-18x12.jpg 18w\" sizes=\"auto, (max-width: 1210px) 100vw, 1210px\" \/><\/a><\/figure>\n\n\n\n<figure class=\"wp-block-image size-full\"><a href=\"https:\/\/hagaberg.fhsk.se\/wp-content\/uploads\/2026\/02\/Eken2.jpg\"><img loading=\"lazy\" decoding=\"async\" width=\"1210\" height=\"908\" data-id=\"6192\" src=\"https:\/\/hagaberg.fhsk.se\/wp-content\/uploads\/2026\/02\/Eken2.jpg\" alt=\"Ekensalen m\u00f6blerad i \u00f6ar.\" class=\"wp-image-6192\" srcset=\"https:\/\/hagaberg.fhsk.se\/wp-content\/uploads\/2026\/02\/Eken2.jpg 1210w, https:\/\/hagaberg.fhsk.se\/wp-content\/uploads\/2026\/02\/Eken2-300x225.jpg 300w, https:\/\/hagaberg.fhsk.se\/wp-content\/uploads\/2026\/02\/Eken2-1024x768.jpg 1024w, https:\/\/hagaberg.fhsk.se\/wp-content\/uploads\/2026\/02\/Eken2-768x576.jpg 768w, https:\/\/hagaberg.fhsk.se\/wp-content\/uploads\/2026\/02\/Eken2-16x12.jpg 16w\" sizes=\"auto, (max-width: 1210px) 100vw, 1210px\" \/><\/a><\/figure>\n<\/figure>\n\n\n\n<p>Different furniture arrangements allow for different numbers of listeners to be accommodated. Here are some examples:<\/p>\n\n\n\n<ul class=\"wp-block-list\">\n<li>U-shape: 35 people<\/li>\n\n\n\n<li>Table groups: 48 people<\/li>\n\n\n\n<li>Classroom seating: 55 people<\/li>\n\n\n\n<li>Auditorium (only chairs): 70 people<\/li>\n<\/ul>","protected":false},"excerpt":{"rendered":"<div class=\"entry-summary\">\nEken is a venue with a modern feel and pleasant light. It can accommodate up to 70 people. The venue provides a close contact between lecturer and audience.\n<\/div>\n<div class=\"link-more\"><a href=\"https:\/\/hagaberg.fhsk.se\/en\/konferens\/lokaler\/eken\/\" class=\"more-link\">Continue reading<span class=\"screen-reader-text\"> \"Eken\"<\/span>&hellip;<\/a><\/div>","protected":false},"author":1,"featured_media":6193,"parent":611,"menu_order":0,"comment_status":"closed","ping_status":"closed","template":"templates\/sidebar.php","meta":{"slim_seo":{"title":"Eken - Hagabergs folkh\u00f6gskola","description":"Eken is a venue with a modern feel and pleasant light. It can accommodate up to 70 people. The venue provides a close contact between lecturer and audience."},"footnotes":""},"class_list":["post-1044","page","type-page","status-publish","has-post-thumbnail","hentry","entry"],"_links":{"self":[{"href":"https:\/\/hagaberg.fhsk.se\/en\/wp-json\/wp\/v2\/pages\/1044","targetHints":{"allow":["GET"]}}],"collection":[{"href":"https:\/\/hagaberg.fhsk.se\/en\/wp-json\/wp\/v2\/pages"}],"about":[{"href":"https:\/\/hagaberg.fhsk.se\/en\/wp-json\/wp\/v2\/types\/page"}],"author":[{"embeddable":true,"href":"https:\/\/hagaberg.fhsk.se\/en\/wp-json\/wp\/v2\/users\/1"}],"replies":[{"embeddable":true,"href":"https:\/\/hagaberg.fhsk.se\/en\/wp-json\/wp\/v2\/comments?post=1044"}],"version-history":[{"count":4,"href":"https:\/\/hagaberg.fhsk.se\/en\/wp-json\/wp\/v2\/pages\/1044\/revisions"}],"predecessor-version":[{"id":6195,"href":"https:\/\/hagaberg.fhsk.se\/en\/wp-json\/wp\/v2\/pages\/1044\/revisions\/6195"}],"up":[{"embeddable":true,"href":"https:\/\/hagaberg.fhsk.se\/en\/wp-json\/wp\/v2\/pages\/611"}],"wp:featuredmedia":[{"embeddable":true,"href":"https:\/\/hagaberg.fhsk.se\/en\/wp-json\/wp\/v2\/media\/6193"}],"wp:attachment":[{"href":"https:\/\/hagaberg.fhsk.se\/en\/wp-json\/wp\/v2\/media?parent=1044"}],"curies":[{"name":"wp","href":"https:\/\/api.w.org\/{rel}","templated":true}]}}